{"id":29402,"date":"2025-07-21T16:33:44","date_gmt":"2025-07-21T13:33:44","guid":{"rendered":"https:\/\/eutechpolska.pl\/?page_id=29402"},"modified":"2025-07-28T15:30:00","modified_gmt":"2025-07-28T12:30:00","slug":"biolng","status":"publish","type":"page","link":"https:\/\/eutechpolska.pl\/en\/biolng\/","title":{"rendered":"Bio-LNG"},"content":{"rendered":"<div data-elementor-type=\"wp-page\" data-elementor-id=\"29402\" class=\"elementor elementor-29402\">\n\t\t\t\t\t\t<div class=\"elementor-inner\">\n\t\t\t\t<div class=\"elementor-section-wrap\">\n\t\t\t\t\t\t\t\t\t<section class=\"elementor-section elementor-top-section elementor-element elementor-element-c773419 elementor-section-boxed elementor-section-height-default elementor-section-height-default\" data-id=\"c773419\" data-element_type=\"section\" data-settings=\"{&quot;background_background&quot;:&quot;classic&quot;}\">\n\t\t\t\t\t\t<div class=\"elementor-container elementor-column-gap-thegem\">\n\t\t\t\t\t\t\t<div class=\"elementor-row\">\n\t\t\t\t\t<div class=\"elementor-column elementor-col-50 elementor-top-column elementor-element elementor-element-3b5da28\" data-id=\"3b5da28\" data-element_type=\"column\">\n\t\t\t<div class=\"elementor-column-wrap elementor-element-populated\">\n\t\t\t\t\t\t\t<div class=\"elementor-widget-wrap\">\n\t\t\t\t\t\t<div class=\"elementor-element elementor-element-a834a67 flex-horizontal-align-default flex-horizontal-align-tablet-default flex-horizontal-align-mobile-default flex-vertical-align-default flex-vertical-align-tablet-default flex-vertical-align-mobile-default elementor-widget elementor-widget-text-editor\" data-id=\"a834a67\" data-element_type=\"widget\" data-widget_type=\"text-editor.default\">\n\t\t\t\t<div class=\"elementor-widget-container\">\n\t\t\t<style>\/*! elementor - v3.12.1 - 02-04-2023 *\/\n.elementor-widget-text-editor.elementor-drop-cap-view-stacked .elementor-drop-cap{background-color:#69727d;color:#fff}.elementor-widget-text-editor.elementor-drop-cap-view-framed .elementor-drop-cap{color:#69727d;border:3px solid;background-color:transparent}.elementor-widget-text-editor:not(.elementor-drop-cap-view-default) .elementor-drop-cap{margin-top:8px}.elementor-widget-text-editor:not(.elementor-drop-cap-view-default) .elementor-drop-cap-letter{width:1em;height:1em}.elementor-widget-text-editor .elementor-drop-cap{float:left;text-align:center;line-height:1;font-size:50px}.elementor-widget-text-editor .elementor-drop-cap-letter{display:inline-block}<\/style>\t\t\t\t\t<div class=\"elementor-text-editor elementor-clearfix\">\n\t\t\t\t<h6>Modulo: Smart Solution Compatible with Bio-LNG<\/h6>\n<p>Modulo is an advanced, modular solution fully compatible with both conventional LNG and Bio-LNG infrastructures.&nbsp;<\/p>\n<p>With its explosion-proof (Ex-proof) design and seamless integration with SCADA systems, it enables safe, efficient, and remotely managed field operations.<\/p>\n<p>Aligned with the low-carbon nature of Bio-LNG, Modulo is ready today to support tomorrow\u2019s sustainable energy infrastructures.<\/p>\t\t\t\t\t<\/div>\n\t\t\t\t\t\t<\/div>\n\t\t\t\t<\/div>\n\t\t\t\t\t\t<\/div>\n\t\t\t\t\t<\/div>\n\t\t<\/div>\n\t\t\t\t<div class=\"elementor-column elementor-col-50 elementor-top-column elementor-element elementor-element-d261c08\" data-id=\"d261c08\" data-element_type=\"column\">\n\t\t\t<div class=\"elementor-column-wrap elementor-element-populated\">\n\t\t\t\t\t\t\t<div class=\"elementor-widget-wrap\">\n\t\t\t\t\t\t<div class=\"elementor-element elementor-element-f2f52f0 elementor-widget__width-initial flex-horizontal-align-default flex-horizontal-align-tablet-default flex-horizontal-align-mobile-default flex-vertical-align-default flex-vertical-align-tablet-default flex-vertical-align-mobile-default elementor-widget elementor-widget-image\" data-id=\"f2f52f0\" data-element_type=\"widget\" data-widget_type=\"image.default\">\n\t\t\t\t<div class=\"elementor-widget-container\">\n\t\t\t<style>\/*! elementor - v3.12.1 - 02-04-2023 *\/\n.elementor-widget-image{text-align:center}.elementor-widget-image a{display:inline-block}.elementor-widget-image a img[src$=\".svg\"]{width:48px}.elementor-widget-image img{vertical-align:middle;display:inline-block}<\/style>\t\t\t\t\t<div class=\"elementor-image\">\n\t\t\t\t\t\t\t\t\t\t\t\t<img decoding=\"async\" width=\"997\" height=\"482\" src=\"https:\/\/eutechpolska.pl\/wp-content\/uploads\/2025\/07\/tanken-nachhaltiger-kraftstoff-e1753359590843.png\" class=\"attachment-large size-large wp-image-29869\" alt=\"\" srcset=\"https:\/\/eutechpolska.pl\/wp-content\/uploads\/2025\/07\/tanken-nachhaltiger-kraftstoff-e1753359590843.png 997w, https:\/\/eutechpolska.pl\/wp-content\/uploads\/2025\/07\/tanken-nachhaltiger-kraftstoff-e1753359590843-300x145.png 300w, https:\/\/eutechpolska.pl\/wp-content\/uploads\/2025\/07\/tanken-nachhaltiger-kraftstoff-e1753359590843-768x371.png 768w, https:\/\/eutechpolska.pl\/wp-content\/uploads\/2025\/07\/tanken-nachhaltiger-kraftstoff-e1753359590843-18x9.png 18w\" sizes=\"(max-width: 997px) 100vw, 997px\" \/>\t\t\t\t\t\t\t\t\t\t\t\t\t\t<\/div>\n\t\t\t\t\t\t<\/div>\n\t\t\t\t<\/div>\n\t\t\t\t\t\t<\/div>\n\t\t\t\t\t<\/div>\n\t\t<\/div>\n\t\t\t\t\t\t\t\t<\/div>\n\t\t\t\t\t<\/div>\n\t\t<\/section>\n\t\t\t\t<section class=\"elementor-section elementor-top-section elementor-element elementor-element-af64590 elementor-section-boxed elementor-section-height-default elementor-section-height-default\" data-id=\"af64590\" data-element_type=\"section\">\n\t\t\t\t\t\t<div class=\"elementor-container elementor-column-gap-thegem\">\n\t\t\t\t\t\t\t<div class=\"elementor-row\">\n\t\t\t\t\t<div class=\"elementor-column elementor-col-100 elementor-top-column elementor-element elementor-element-e4a2929\" data-id=\"e4a2929\" data-element_type=\"column\">\n\t\t\t<div class=\"elementor-column-wrap elementor-element-populated\">\n\t\t\t\t\t\t\t<div class=\"elementor-widget-wrap\">\n\t\t\t\t\t\t<div class=\"elementor-element elementor-element-74a0bfd flex-horizontal-align-default flex-horizontal-align-tablet-default flex-horizontal-align-mobile-default flex-vertical-align-default flex-vertical-align-tablet-default flex-vertical-align-mobile-default elementor-widget elementor-widget-thegem-styledbutton\" data-id=\"74a0bfd\" data-element_type=\"widget\" data-settings=\"{&quot;thegem_button_skin&quot;:&quot;outline&quot;,&quot;show_separator&quot;:&quot;yes&quot;,&quot;add_icon&quot;:&quot;yes&quot;}\" data-widget_type=\"thegem-styledbutton.default\">\n\t\t\t\t<div class=\"elementor-widget-container\">\n\t\t\t\n<div class=\"gem-button-container gem-widget-button gem-button-position-center gem-button-with-separator\">\n\n\t\t\t<div class=\"gem-button-separator gem-button-separator-type-single\">\n\t\t\t<div class=\"gem-button-separator-holder\">\n\t<div class=\"gem-button-separator-line\" style=\"border-color:#54595F\">\n\t\t\t<\/div>\n<\/div>\t\t\t<div class=\"gem-button-separator-button\">\n\t\t<a class=\"gem-button gem-button-size-small gem-button-text-weight-bold gem-button-style-outline gem-button-border-2\" href=\"https:\/\/eutechpolska.pl\/en\/kompaktowa-stacja-lng-modulo\/\">\n\t\t<span class=\"gem-inner-wrapper-btn\">\n\t\t\t\t\t\t\t<span class=\"gem-button-icon\">\n\t\t\t\t\t<i aria-hidden=\"true\" class=\"tgh-icon cursor-default-click\"><\/i>\t\t\t\t<\/span>\n\t\t\t\t\t\t<span class=\"gem-text-button\">\n\t\t\t\tDiscover MODULO \u2013 our product compatible with LNG and Bio-LNG. Click here to learn more.\t\t\t<\/span>\n\t\t<\/span>\n\t<\/a>\n\n\t\t\t\t<\/div>\n\t\t\t<div class=\"gem-button-separator-holder\">\n\t<div class=\"gem-button-separator-line\" style=\"border-color:#54595F\">\n\t\t\t<\/div>\n<\/div>\t\t<\/div>\n\t\n<\/div>\t\t<\/div>\n\t\t\t\t<\/div>\n\t\t\t\t\t\t<\/div>\n\t\t\t\t\t<\/div>\n\t\t<\/div>\n\t\t\t\t\t\t\t\t<\/div>\n\t\t\t\t\t<\/div>\n\t\t<\/section>\n\t\t\t\t<section class=\"elementor-section elementor-top-section elementor-element elementor-element-2d36b8d elementor-section-boxed elementor-section-height-default elementor-section-height-default\" data-id=\"2d36b8d\" data-element_type=\"section\" data-settings=\"{&quot;background_background&quot;:&quot;classic&quot;}\">\n\t\t\t\t\t\t<div class=\"elementor-container elementor-column-gap-thegem\">\n\t\t\t\t\t\t\t<div class=\"elementor-row\">\n\t\t\t\t\t<div class=\"elementor-column elementor-col-100 elementor-top-column elementor-element elementor-element-06d1621\" data-id=\"06d1621\" data-element_type=\"column\">\n\t\t\t<div class=\"elementor-column-wrap elementor-element-populated\">\n\t\t\t\t\t\t\t<div class=\"elementor-widget-wrap\">\n\t\t\t\t\t\t<div class=\"elementor-element elementor-element-ba35c81 flex-horizontal-align-default flex-horizontal-align-tablet-default flex-horizontal-align-mobile-default flex-vertical-align-default flex-vertical-align-tablet-default flex-vertical-align-mobile-default elementor-widget elementor-widget-text-editor\" data-id=\"ba35c81\" data-element_type=\"widget\" data-widget_type=\"text-editor.default\">\n\t\t\t\t<div class=\"elementor-widget-container\">\n\t\t\t\t\t\t\t\t<div class=\"elementor-text-editor elementor-clearfix\">\n\t\t\t\t<h6 style=\"margin-top: 1.19em; text-align: justify;\">Eutech Polska\u2019s R&amp;D Activities in Bio-LNG<\/h6><p style=\"text-align: justify;\">At Eutech Polska, we closely monitor the critical role of Bio-LNG in the future of energy systems and are actively investing in research and development in this field<\/p><p style=\"text-align: justify;\">Our work focuses not only on testing the technical compatibility of equipment with biologically derived LNG, but also on addressing the new technical requirements that this next-generation fuel introduces to measurement and automation systems.<\/p><p style=\"text-align: justify;\">Through these efforts, we aim to contribute to the widespread adoption of Bio-LNG and to lead the development of safe and sustainable infrastructure.<\/p>\t\t\t\t\t<\/div>\n\t\t\t\t\t\t<\/div>\n\t\t\t\t<\/div>\n\t\t\t\t\t\t<\/div>\n\t\t\t\t\t<\/div>\n\t\t<\/div>\n\t\t\t\t\t\t\t\t<\/div>\n\t\t\t\t\t<\/div>\n\t\t<\/section>\n\t\t\t\t\t\t\t\t\t<\/div>\n\t\t\t<\/div>\n\t\t\t\t\t<\/div>","protected":false},"excerpt":{"rendered":"<p>Modulo: inteligentne rozwi\u0105zanie kompatybilne z biogazem LNG Modulo to zaawansowane, modu\u0142owe rozwi\u0105zanie w pe\u0142ni kompatybilne zar\u00f3wno z konwencjonaln\u0105 infrastruktur\u0105 LNG,&#8230;<\/p>","protected":false},"author":2,"featured_media":0,"parent":0,"menu_order":0,"comment_status":"closed","ping_status":"closed","template":"page-fullwidth.php","meta":{"_mi_skip_tracking":false,"_monsterinsights_sitenote_active":false,"_monsterinsights_sitenote_note":"","_monsterinsights_sitenote_category":0},"yoast_head":"<!-- This site is optimized with the Yoast SEO plugin v20.7 - https:\/\/yoast.com\/wordpress\/plugins\/seo\/ -->\n<title>Bio-LNG - Eutech Polska<\/title>\n<meta name=\"robots\" content=\"index, follow, max-snippet:-1, max-image-preview:large, max-video-preview:-1\" \/>\n<link rel=\"canonical\" href=\"https:\/\/eutechpolska.pl\/en\/biolng\/\" \/>\n<meta property=\"og:locale\" content=\"en_GB\" \/>\n<meta property=\"og:type\" content=\"article\" \/>\n<meta property=\"og:title\" content=\"Bio-LNG - Eutech Polska\" \/>\n<meta property=\"og:description\" content=\"Modulo: inteligentne rozwi\u0105zanie kompatybilne z biogazem LNG Modulo to zaawansowane, modu\u0142owe rozwi\u0105zanie w pe\u0142ni kompatybilne zar\u00f3wno z konwencjonaln\u0105 infrastruktur\u0105 LNG,...\" \/>\n<meta property=\"og:url\" content=\"https:\/\/eutechpolska.pl\/en\/biolng\/\" \/>\n<meta property=\"og:site_name\" content=\"Eutech Polska\" \/>\n<meta property=\"article:modified_time\" content=\"2025-07-28T12:30:00+00:00\" \/>\n<meta property=\"og:image\" content=\"https:\/\/eutechpolska.pl\/wp-content\/uploads\/2025\/07\/tanken-nachhaltiger-kraftstoff-e1753359590843.png\" \/>\n<meta name=\"twitter:card\" content=\"summary_large_image\" \/>\n<meta name=\"twitter:label1\" content=\"Estimated reading time\" \/>\n\t<meta name=\"twitter:data1\" content=\"2 minutes\" \/>\n<script type=\"application\/ld+json\" class=\"yoast-schema-graph\">{\"@context\":\"https:\/\/schema.org\",\"@graph\":[{\"@type\":\"WebPage\",\"@id\":\"https:\/\/eutechpolska.pl\/biolng\/\",\"url\":\"https:\/\/eutechpolska.pl\/biolng\/\",\"name\":\"Bio-LNG - Eutech Polska\",\"isPartOf\":{\"@id\":\"https:\/\/eutechpolska.pl\/#website\"},\"datePublished\":\"2025-07-21T13:33:44+00:00\",\"dateModified\":\"2025-07-28T12:30:00+00:00\",\"breadcrumb\":{\"@id\":\"https:\/\/eutechpolska.pl\/biolng\/#breadcrumb\"},\"inLanguage\":\"en-GB\",\"potentialAction\":[{\"@type\":\"ReadAction\",\"target\":[\"https:\/\/eutechpolska.pl\/biolng\/\"]}]},{\"@type\":\"BreadcrumbList\",\"@id\":\"https:\/\/eutechpolska.pl\/biolng\/#breadcrumb\",\"itemListElement\":[{\"@type\":\"ListItem\",\"position\":1,\"name\":\"Home\",\"item\":\"https:\/\/eutechpolska.pl\/\"},{\"@type\":\"ListItem\",\"position\":2,\"name\":\"Bio-LNG\"}]},{\"@type\":\"WebSite\",\"@id\":\"https:\/\/eutechpolska.pl\/#website\",\"url\":\"https:\/\/eutechpolska.pl\/\",\"name\":\"Eutech Polska\",\"description\":\"Intelligent Future\",\"publisher\":{\"@id\":\"https:\/\/eutechpolska.pl\/#organization\"},\"potentialAction\":[{\"@type\":\"SearchAction\",\"target\":{\"@type\":\"EntryPoint\",\"urlTemplate\":\"https:\/\/eutechpolska.pl\/?s={search_term_string}\"},\"query-input\":\"required name=search_term_string\"}],\"inLanguage\":\"en-GB\"},{\"@type\":\"Organization\",\"@id\":\"https:\/\/eutechpolska.pl\/#organization\",\"name\":\"Eutech Polska\",\"url\":\"https:\/\/eutechpolska.pl\/\",\"logo\":{\"@type\":\"ImageObject\",\"inLanguage\":\"en-GB\",\"@id\":\"https:\/\/eutechpolska.pl\/#\/schema\/logo\/image\/\",\"url\":\"https:\/\/eutechpolska.pl\/wp-content\/uploads\/2023\/04\/eutech-logo.png\",\"contentUrl\":\"https:\/\/eutechpolska.pl\/wp-content\/uploads\/2023\/04\/eutech-logo.png\",\"width\":328,\"height\":125,\"caption\":\"Eutech Polska\"},\"image\":{\"@id\":\"https:\/\/eutechpolska.pl\/#\/schema\/logo\/image\/\"},\"sameAs\":[\"https:\/\/www.instagram.com\/eutech.com.tr\/\",\"https:\/\/www.linkedin.com\/company\/eutech-intelligent-future\/\"]}]}<\/script>\n<!-- \/ Yoast SEO plugin. -->","yoast_head_json":{"title":"Bio-LNG - Eutech Polska","robots":{"index":"index","follow":"follow","max-snippet":"max-snippet:-1","max-image-preview":"max-image-preview:large","max-video-preview":"max-video-preview:-1"},"canonical":"https:\/\/eutechpolska.pl\/en\/biolng\/","og_locale":"en_GB","og_type":"article","og_title":"Bio-LNG - Eutech Polska","og_description":"Modulo: inteligentne rozwi\u0105zanie kompatybilne z biogazem LNG Modulo to zaawansowane, modu\u0142owe rozwi\u0105zanie w pe\u0142ni kompatybilne zar\u00f3wno z konwencjonaln\u0105 infrastruktur\u0105 LNG,...","og_url":"https:\/\/eutechpolska.pl\/en\/biolng\/","og_site_name":"Eutech Polska","article_modified_time":"2025-07-28T12:30:00+00:00","og_image":[{"url":"https:\/\/eutechpolska.pl\/wp-content\/uploads\/2025\/07\/tanken-nachhaltiger-kraftstoff-e1753359590843.png"}],"twitter_card":"summary_large_image","twitter_misc":{"Estimated reading time":"2 minutes"},"schema":{"@context":"https:\/\/schema.org","@graph":[{"@type":"WebPage","@id":"https:\/\/eutechpolska.pl\/biolng\/","url":"https:\/\/eutechpolska.pl\/biolng\/","name":"Bio-LNG - Eutech Polska","isPartOf":{"@id":"https:\/\/eutechpolska.pl\/#website"},"datePublished":"2025-07-21T13:33:44+00:00","dateModified":"2025-07-28T12:30:00+00:00","breadcrumb":{"@id":"https:\/\/eutechpolska.pl\/biolng\/#breadcrumb"},"inLanguage":"en-GB","potentialAction":[{"@type":"ReadAction","target":["https:\/\/eutechpolska.pl\/biolng\/"]}]},{"@type":"BreadcrumbList","@id":"https:\/\/eutechpolska.pl\/biolng\/#breadcrumb","itemListElement":[{"@type":"ListItem","position":1,"name":"Home","item":"https:\/\/eutechpolska.pl\/"},{"@type":"ListItem","position":2,"name":"Bio-LNG"}]},{"@type":"WebSite","@id":"https:\/\/eutechpolska.pl\/#website","url":"https:\/\/eutechpolska.pl\/","name":"Eutech Polska","description":"Intelligent Future","publisher":{"@id":"https:\/\/eutechpolska.pl\/#organization"},"potentialAction":[{"@type":"SearchAction","target":{"@type":"EntryPoint","urlTemplate":"https:\/\/eutechpolska.pl\/?s={search_term_string}"},"query-input":"required name=search_term_string"}],"inLanguage":"en-GB"},{"@type":"Organization","@id":"https:\/\/eutechpolska.pl\/#organization","name":"Eutech Polska","url":"https:\/\/eutechpolska.pl\/","logo":{"@type":"ImageObject","inLanguage":"en-GB","@id":"https:\/\/eutechpolska.pl\/#\/schema\/logo\/image\/","url":"https:\/\/eutechpolska.pl\/wp-content\/uploads\/2023\/04\/eutech-logo.png","contentUrl":"https:\/\/eutechpolska.pl\/wp-content\/uploads\/2023\/04\/eutech-logo.png","width":328,"height":125,"caption":"Eutech Polska"},"image":{"@id":"https:\/\/eutechpolska.pl\/#\/schema\/logo\/image\/"},"sameAs":["https:\/\/www.instagram.com\/eutech.com.tr\/","https:\/\/www.linkedin.com\/company\/eutech-intelligent-future\/"]}]}},"_links":{"self":[{"href":"https:\/\/eutechpolska.pl\/en\/wp-json\/wp\/v2\/pages\/29402"}],"collection":[{"href":"https:\/\/eutechpolska.pl\/en\/wp-json\/wp\/v2\/pages"}],"about":[{"href":"https:\/\/eutechpolska.pl\/en\/wp-json\/wp\/v2\/types\/page"}],"author":[{"embeddable":true,"href":"https:\/\/eutechpolska.pl\/en\/wp-json\/wp\/v2\/users\/2"}],"replies":[{"embeddable":true,"href":"https:\/\/eutechpolska.pl\/en\/wp-json\/wp\/v2\/comments?post=29402"}],"version-history":[{"count":28,"href":"https:\/\/eutechpolska.pl\/en\/wp-json\/wp\/v2\/pages\/29402\/revisions"}],"predecessor-version":[{"id":29972,"href":"https:\/\/eutechpolska.pl\/en\/wp-json\/wp\/v2\/pages\/29402\/revisions\/29972"}],"wp:attachment":[{"href":"https:\/\/eutechpolska.pl\/en\/wp-json\/wp\/v2\/media?parent=29402"}],"curies":[{"name":"wp","href":"https:\/\/api.w.org\/{rel}","templated":true}]}}