{"id":29386,"date":"2025-07-21T16:33:10","date_gmt":"2025-07-21T13:33:10","guid":{"rendered":"https:\/\/eutechpolska.pl\/?page_id=29386"},"modified":"2025-07-24T15:16:20","modified_gmt":"2025-07-24T12:16:20","slug":"zielony-wodor","status":"publish","type":"page","link":"https:\/\/eutechpolska.pl\/en\/zielony-wodor\/","title":{"rendered":"Green hydrogen"},"content":{"rendered":"<div data-elementor-type=\"wp-page\" data-elementor-id=\"29386\" class=\"elementor elementor-29386\">\n\t\t\t\t\t\t<div class=\"elementor-inner\">\n\t\t\t\t<div class=\"elementor-section-wrap\">\n\t\t\t\t\t\t\t\t\t<section class=\"elementor-section elementor-top-section elementor-element elementor-element-b493a8f elementor-section-boxed elementor-section-height-default elementor-section-height-default\" data-id=\"b493a8f\" data-element_type=\"section\">\n\t\t\t\t\t\t<div class=\"elementor-container elementor-column-gap-thegem\">\n\t\t\t\t\t\t\t<div class=\"elementor-row\">\n\t\t\t\t\t<div class=\"elementor-column elementor-col-100 elementor-top-column elementor-element elementor-element-d90b68c\" data-id=\"d90b68c\" data-element_type=\"column\">\n\t\t\t<div class=\"elementor-column-wrap elementor-element-populated\">\n\t\t\t\t\t\t\t<div class=\"elementor-widget-wrap\">\n\t\t\t\t\t\t<div class=\"elementor-element elementor-element-469b439 flex-horizontal-align-default flex-horizontal-align-tablet-default flex-horizontal-align-mobile-default flex-vertical-align-default flex-vertical-align-tablet-default flex-vertical-align-mobile-default elementor-widget elementor-widget-heading\" data-id=\"469b439\" data-element_type=\"widget\" data-widget_type=\"heading.default\">\n\t\t\t\t<div class=\"elementor-widget-container\">\n\t\t\t<style>\/*! elementor - v3.12.1 - 02-04-2023 *\/\n.elementor-heading-title{padding:0;margin:0;line-height:1}.elementor-widget-heading .elementor-heading-title[class*=elementor-size-]>a{color:inherit;font-size:inherit;line-height:inherit}.elementor-widget-heading .elementor-heading-title.elementor-size-small{font-size:15px}.elementor-widget-heading .elementor-heading-title.elementor-size-medium{font-size:19px}.elementor-widget-heading .elementor-heading-title.elementor-size-large{font-size:29px}.elementor-widget-heading .elementor-heading-title.elementor-size-xl{font-size:39px}.elementor-widget-heading .elementor-heading-title.elementor-size-xxl{font-size:59px}<\/style><h3 class=\"elementor-heading-title elementor-size-default translation-block\">Hydrogen Solutions - R&amp;D projects<\/h3>\t\t<\/div>\n\t\t\t\t<\/div>\n\t\t\t\t\t\t<\/div>\n\t\t\t\t\t<\/div>\n\t\t<\/div>\n\t\t\t\t\t\t\t\t<\/div>\n\t\t\t\t\t<\/div>\n\t\t<\/section>\n\t\t\t\t<section class=\"elementor-section elementor-top-section elementor-element elementor-element-984fd64 elementor-section-boxed elementor-section-height-default elementor-section-height-default\" data-id=\"984fd64\" data-element_type=\"section\">\n\t\t\t\t\t\t<div class=\"elementor-container elementor-column-gap-thegem\">\n\t\t\t\t\t\t\t<div class=\"elementor-row\">\n\t\t\t\t\t<div class=\"elementor-column elementor-col-100 elementor-top-column elementor-element elementor-element-ac3c470\" data-id=\"ac3c470\" data-element_type=\"column\">\n\t\t\t<div class=\"elementor-column-wrap elementor-element-populated\">\n\t\t\t\t\t\t\t<div class=\"elementor-widget-wrap\">\n\t\t\t\t\t\t<div class=\"elementor-element elementor-element-b5f28a5 elementor-widget__width-initial flex-horizontal-align-default flex-horizontal-align-tablet-default flex-horizontal-align-mobile-default flex-vertical-align-default flex-vertical-align-tablet-default flex-vertical-align-mobile-default elementor-widget elementor-widget-text-editor\" data-id=\"b5f28a5\" data-element_type=\"widget\" data-widget_type=\"text-editor.default\">\n\t\t\t\t<div class=\"elementor-widget-container\">\n\t\t\t<style>\/*! elementor - v3.12.1 - 02-04-2023 *\/\n.elementor-widget-text-editor.elementor-drop-cap-view-stacked .elementor-drop-cap{background-color:#69727d;color:#fff}.elementor-widget-text-editor.elementor-drop-cap-view-framed .elementor-drop-cap{color:#69727d;border:3px solid;background-color:transparent}.elementor-widget-text-editor:not(.elementor-drop-cap-view-default) .elementor-drop-cap{margin-top:8px}.elementor-widget-text-editor:not(.elementor-drop-cap-view-default) .elementor-drop-cap-letter{width:1em;height:1em}.elementor-widget-text-editor .elementor-drop-cap{float:left;text-align:center;line-height:1;font-size:50px}.elementor-widget-text-editor .elementor-drop-cap-letter{display:inline-block}<\/style>\t\t\t\t\t<div class=\"elementor-text-editor elementor-clearfix\">\n\t\t\t\t<h6><span style=\"color: rgb(77, 77, 81); font-weight: 700; font-kerning: none; --Ys-XuQ: none;\">Blending Innovation: EUTECH Polska\u2019s R&amp;D for Hydrogen Integration in Gas Infrastructure<\/span><\/h6>\n<p style=\"color: rgb(77, 77, 81); font-family: YAD1aU3sLnI_0, _fb_, auto; --cyV3ZQ: 23.9999px; --gJPlXQ: 1.35; line-height: 32px;\"><span style=\"font-kerning: none; --Ys-XuQ: none; font-weight: normal;\">At Eutech Polska, we are conducting research and development activities focused on the integration of hydrogen into natural gas infrastructure, aiming to support the energy sector\u2019s transition towards lower carbon emissions.<\/span><\/p>\n<p style=\"color: rgb(77, 77, 81); font-family: YAD1aU3sLnI_0, _fb_, auto; --cyV3ZQ: 23.9999px; --gJPlXQ: 1.35; line-height: 32px;\"><span style=\"font-kerning: none; --Ys-XuQ: none; font-weight: normal;\">As part of these efforts, we are developing various experimental models exploring scenarios in which hydrogen is blended with natural gas. Through test setups involving different hydrogen-natural gas ratios, we aim to enhance combustion efficiency while reducing harmful emissions. We are also working intensively on the necessary control mechanisms and performance monitoring infrastructures to enable the integration of these systems into industrial applications.<\/span><\/p>\n<p style=\"color: rgb(77, 77, 81); font-family: YAD1aU3sLnI_0, _fb_, auto; --cyV3ZQ: 23.9999px; --gJPlXQ: 1.35; line-height: 32px;\"><span style=\"font-kerning: none; --Ys-XuQ: none; font-weight: normal;\">Our goal is to develop practical, safe, and efficient solutions that support the use of hydrogen as an energy carrier and make these solutions scalable for future industrial adoption.<\/span><\/p>\n<p><span style=\"color: rgb(77, 77, 81); font-kerning: none; --Ys-XuQ: none; font-weight: normal;\"><\/span><\/p>\n<p style=\"color: rgb(77, 77, 81); font-family: YAD1aU3sLnI_0, _fb_, auto; --cyV3ZQ: 23.9999px; --gJPlXQ: 1.35; line-height: 32px;\"><span style=\"font-kerning: none; --Ys-XuQ: none; font-weight: normal;\">Eutech Polska is firmly committed to combining its engineering expertise in natural gas and energy automation with a vision for clean energy transition, continuing its technical preparations and efforts in this field with determination.<\/span><\/p>\t\t\t\t\t<\/div>\n\t\t\t\t\t\t<\/div>\n\t\t\t\t<\/div>\n\t\t\t\t\t\t<\/div>\n\t\t\t\t\t<\/div>\n\t\t<\/div>\n\t\t\t\t\t\t\t\t<\/div>\n\t\t\t\t\t<\/div>\n\t\t<\/section>\n\t\t\t\t<section class=\"elementor-section elementor-top-section elementor-element elementor-element-d79b3de elementor-section-boxed elementor-section-height-default elementor-section-height-default\" data-id=\"d79b3de\" data-element_type=\"section\">\n\t\t\t\t\t\t<div class=\"elementor-container elementor-column-gap-thegem\">\n\t\t\t\t\t\t\t<div class=\"elementor-row\">\n\t\t\t\t\t<div class=\"elementor-column elementor-col-100 elementor-top-column elementor-element elementor-element-ff5d39d\" data-id=\"ff5d39d\" data-element_type=\"column\">\n\t\t\t<div class=\"elementor-column-wrap elementor-element-populated\">\n\t\t\t\t\t\t\t<div class=\"elementor-widget-wrap\">\n\t\t\t\t\t\t<div class=\"elementor-element elementor-element-e413b7e elementor-widget__width-initial flex-horizontal-align-default flex-horizontal-align-tablet-default flex-horizontal-align-mobile-default flex-vertical-align-default flex-vertical-align-tablet-default flex-vertical-align-mobile-default elementor-widget elementor-widget-image\" data-id=\"e413b7e\" data-element_type=\"widget\" data-widget_type=\"image.default\">\n\t\t\t\t<div class=\"elementor-widget-container\">\n\t\t\t<style>\/*! elementor - v3.12.1 - 02-04-2023 *\/\n.elementor-widget-image{text-align:center}.elementor-widget-image a{display:inline-block}.elementor-widget-image a img[src$=\".svg\"]{width:48px}.elementor-widget-image img{vertical-align:middle;display:inline-block}<\/style>\t\t\t\t\t<div class=\"elementor-image\">\n\t\t\t\t\t\t\t\t\t\t\t\t<img decoding=\"async\" width=\"746\" height=\"481\" src=\"https:\/\/eutechpolska.pl\/wp-content\/uploads\/2025\/07\/Ekran-goruntusu-2025-07-22-152251.png\" class=\"attachment-large size-large wp-image-29523\" alt=\"\" srcset=\"https:\/\/eutechpolska.pl\/wp-content\/uploads\/2025\/07\/Ekran-goruntusu-2025-07-22-152251.png 746w, https:\/\/eutechpolska.pl\/wp-content\/uploads\/2025\/07\/Ekran-goruntusu-2025-07-22-152251-300x193.png 300w, https:\/\/eutechpolska.pl\/wp-content\/uploads\/2025\/07\/Ekran-goruntusu-2025-07-22-152251-18x12.png 18w\" sizes=\"(max-width: 746px) 100vw, 746px\" \/>\t\t\t\t\t\t\t\t\t\t\t\t\t\t<\/div>\n\t\t\t\t\t\t<\/div>\n\t\t\t\t<\/div>\n\t\t\t\t\t\t<\/div>\n\t\t\t\t\t<\/div>\n\t\t<\/div>\n\t\t\t\t\t\t\t\t<\/div>\n\t\t\t\t\t<\/div>\n\t\t<\/section>\n\t\t\t\t\t\t\t\t\t<\/div>\n\t\t\t<\/div>\n\t\t\t\t\t<\/div>","protected":false},"excerpt":{"rendered":"<p>Rozwi\u0105zania wodoroweprojekty badawczo-rozwojowe \u0141\u0105czenie innowacji: badania i rozw\u00f3j Eutech Polska w zakresie integracji wodoru z infrastruktur\u0105 gazow\u0105 W Eutech Polska&#8230;<\/p>","protected":false},"author":2,"featured_media":0,"parent":0,"menu_order":0,"comment_status":"closed","ping_status":"closed","template":"page-fullwidth.php","meta":{"_mi_skip_tracking":false,"_monsterinsights_sitenote_active":false,"_monsterinsights_sitenote_note":"","_monsterinsights_sitenote_category":0},"yoast_head":"<!-- This site is optimized with the Yoast SEO plugin v20.7 - https:\/\/yoast.com\/wordpress\/plugins\/seo\/ -->\n<title>Zielony wod\u00f3r - Eutech Polska<\/title>\n<meta name=\"robots\" content=\"index, follow, max-snippet:-1, max-image-preview:large, max-video-preview:-1\" \/>\n<link rel=\"canonical\" href=\"https:\/\/eutechpolska.pl\/en\/zielony-wodor\/\" \/>\n<meta property=\"og:locale\" content=\"en_GB\" \/>\n<meta property=\"og:type\" content=\"article\" \/>\n<meta property=\"og:title\" content=\"Zielony wod\u00f3r - Eutech Polska\" \/>\n<meta property=\"og:description\" content=\"Rozwi\u0105zania wodoroweprojekty badawczo-rozwojowe \u0141\u0105czenie innowacji: badania i rozw\u00f3j Eutech Polska w zakresie integracji wodoru z infrastruktur\u0105 gazow\u0105 W Eutech Polska...\" \/>\n<meta property=\"og:url\" content=\"https:\/\/eutechpolska.pl\/en\/zielony-wodor\/\" \/>\n<meta property=\"og:site_name\" content=\"Eutech Polska\" \/>\n<meta property=\"article:modified_time\" content=\"2025-07-24T12:16:20+00:00\" \/>\n<meta property=\"og:image\" content=\"https:\/\/eutechpolska.pl\/wp-content\/uploads\/2025\/07\/Ekran-goruntusu-2025-07-22-152251.png\" \/>\n<meta name=\"twitter:card\" content=\"summary_large_image\" \/>\n<meta name=\"twitter:label1\" content=\"Estimated reading time\" \/>\n\t<meta name=\"twitter:data1\" content=\"2 minutes\" \/>\n<script type=\"application\/ld+json\" class=\"yoast-schema-graph\">{\"@context\":\"https:\/\/schema.org\",\"@graph\":[{\"@type\":\"WebPage\",\"@id\":\"https:\/\/eutechpolska.pl\/zielony-wodor\/\",\"url\":\"https:\/\/eutechpolska.pl\/zielony-wodor\/\",\"name\":\"Zielony wod\u00f3r - Eutech Polska\",\"isPartOf\":{\"@id\":\"https:\/\/eutechpolska.pl\/#website\"},\"datePublished\":\"2025-07-21T13:33:10+00:00\",\"dateModified\":\"2025-07-24T12:16:20+00:00\",\"breadcrumb\":{\"@id\":\"https:\/\/eutechpolska.pl\/zielony-wodor\/#breadcrumb\"},\"inLanguage\":\"en-GB\",\"potentialAction\":[{\"@type\":\"ReadAction\",\"target\":[\"https:\/\/eutechpolska.pl\/zielony-wodor\/\"]}]},{\"@type\":\"BreadcrumbList\",\"@id\":\"https:\/\/eutechpolska.pl\/zielony-wodor\/#breadcrumb\",\"itemListElement\":[{\"@type\":\"ListItem\",\"position\":1,\"name\":\"Home\",\"item\":\"https:\/\/eutechpolska.pl\/\"},{\"@type\":\"ListItem\",\"position\":2,\"name\":\"Zielony wod\u00f3r\"}]},{\"@type\":\"WebSite\",\"@id\":\"https:\/\/eutechpolska.pl\/#website\",\"url\":\"https:\/\/eutechpolska.pl\/\",\"name\":\"Eutech Polska\",\"description\":\"Intelligent Future\",\"publisher\":{\"@id\":\"https:\/\/eutechpolska.pl\/#organization\"},\"potentialAction\":[{\"@type\":\"SearchAction\",\"target\":{\"@type\":\"EntryPoint\",\"urlTemplate\":\"https:\/\/eutechpolska.pl\/?s={search_term_string}\"},\"query-input\":\"required name=search_term_string\"}],\"inLanguage\":\"en-GB\"},{\"@type\":\"Organization\",\"@id\":\"https:\/\/eutechpolska.pl\/#organization\",\"name\":\"Eutech Polska\",\"url\":\"https:\/\/eutechpolska.pl\/\",\"logo\":{\"@type\":\"ImageObject\",\"inLanguage\":\"en-GB\",\"@id\":\"https:\/\/eutechpolska.pl\/#\/schema\/logo\/image\/\",\"url\":\"https:\/\/eutechpolska.pl\/wp-content\/uploads\/2023\/04\/eutech-logo.png\",\"contentUrl\":\"https:\/\/eutechpolska.pl\/wp-content\/uploads\/2023\/04\/eutech-logo.png\",\"width\":328,\"height\":125,\"caption\":\"Eutech Polska\"},\"image\":{\"@id\":\"https:\/\/eutechpolska.pl\/#\/schema\/logo\/image\/\"},\"sameAs\":[\"https:\/\/www.instagram.com\/eutech.com.tr\/\",\"https:\/\/www.linkedin.com\/company\/eutech-intelligent-future\/\"]}]}<\/script>\n<!-- \/ Yoast SEO plugin. -->","yoast_head_json":{"title":"Zielony wod\u00f3r - Eutech Polska","robots":{"index":"index","follow":"follow","max-snippet":"max-snippet:-1","max-image-preview":"max-image-preview:large","max-video-preview":"max-video-preview:-1"},"canonical":"https:\/\/eutechpolska.pl\/en\/zielony-wodor\/","og_locale":"en_GB","og_type":"article","og_title":"Zielony wod\u00f3r - Eutech Polska","og_description":"Rozwi\u0105zania wodoroweprojekty badawczo-rozwojowe \u0141\u0105czenie innowacji: badania i rozw\u00f3j Eutech Polska w zakresie integracji wodoru z infrastruktur\u0105 gazow\u0105 W Eutech Polska...","og_url":"https:\/\/eutechpolska.pl\/en\/zielony-wodor\/","og_site_name":"Eutech Polska","article_modified_time":"2025-07-24T12:16:20+00:00","og_image":[{"url":"https:\/\/eutechpolska.pl\/wp-content\/uploads\/2025\/07\/Ekran-goruntusu-2025-07-22-152251.png"}],"twitter_card":"summary_large_image","twitter_misc":{"Estimated reading time":"2 minutes"},"schema":{"@context":"https:\/\/schema.org","@graph":[{"@type":"WebPage","@id":"https:\/\/eutechpolska.pl\/zielony-wodor\/","url":"https:\/\/eutechpolska.pl\/zielony-wodor\/","name":"Zielony wod\u00f3r - Eutech Polska","isPartOf":{"@id":"https:\/\/eutechpolska.pl\/#website"},"datePublished":"2025-07-21T13:33:10+00:00","dateModified":"2025-07-24T12:16:20+00:00","breadcrumb":{"@id":"https:\/\/eutechpolska.pl\/zielony-wodor\/#breadcrumb"},"inLanguage":"en-GB","potentialAction":[{"@type":"ReadAction","target":["https:\/\/eutechpolska.pl\/zielony-wodor\/"]}]},{"@type":"BreadcrumbList","@id":"https:\/\/eutechpolska.pl\/zielony-wodor\/#breadcrumb","itemListElement":[{"@type":"ListItem","position":1,"name":"Home","item":"https:\/\/eutechpolska.pl\/"},{"@type":"ListItem","position":2,"name":"Zielony wod\u00f3r"}]},{"@type":"WebSite","@id":"https:\/\/eutechpolska.pl\/#website","url":"https:\/\/eutechpolska.pl\/","name":"Eutech Polska","description":"Intelligent Future","publisher":{"@id":"https:\/\/eutechpolska.pl\/#organization"},"potentialAction":[{"@type":"SearchAction","target":{"@type":"EntryPoint","urlTemplate":"https:\/\/eutechpolska.pl\/?s={search_term_string}"},"query-input":"required name=search_term_string"}],"inLanguage":"en-GB"},{"@type":"Organization","@id":"https:\/\/eutechpolska.pl\/#organization","name":"Eutech Polska","url":"https:\/\/eutechpolska.pl\/","logo":{"@type":"ImageObject","inLanguage":"en-GB","@id":"https:\/\/eutechpolska.pl\/#\/schema\/logo\/image\/","url":"https:\/\/eutechpolska.pl\/wp-content\/uploads\/2023\/04\/eutech-logo.png","contentUrl":"https:\/\/eutechpolska.pl\/wp-content\/uploads\/2023\/04\/eutech-logo.png","width":328,"height":125,"caption":"Eutech Polska"},"image":{"@id":"https:\/\/eutechpolska.pl\/#\/schema\/logo\/image\/"},"sameAs":["https:\/\/www.instagram.com\/eutech.com.tr\/","https:\/\/www.linkedin.com\/company\/eutech-intelligent-future\/"]}]}},"_links":{"self":[{"href":"https:\/\/eutechpolska.pl\/en\/wp-json\/wp\/v2\/pages\/29386"}],"collection":[{"href":"https:\/\/eutechpolska.pl\/en\/wp-json\/wp\/v2\/pages"}],"about":[{"href":"https:\/\/eutechpolska.pl\/en\/wp-json\/wp\/v2\/types\/page"}],"author":[{"embeddable":true,"href":"https:\/\/eutechpolska.pl\/en\/wp-json\/wp\/v2\/users\/2"}],"replies":[{"embeddable":true,"href":"https:\/\/eutechpolska.pl\/en\/wp-json\/wp\/v2\/comments?post=29386"}],"version-history":[{"count":23,"href":"https:\/\/eutechpolska.pl\/en\/wp-json\/wp\/v2\/pages\/29386\/revisions"}],"predecessor-version":[{"id":29868,"href":"https:\/\/eutechpolska.pl\/en\/wp-json\/wp\/v2\/pages\/29386\/revisions\/29868"}],"wp:attachment":[{"href":"https:\/\/eutechpolska.pl\/en\/wp-json\/wp\/v2\/media?parent=29386"}],"curies":[{"name":"wp","href":"https:\/\/api.w.org\/{rel}","templated":true}]}}