{"id":29379,"date":"2025-07-21T16:33:02","date_gmt":"2025-07-21T13:33:02","guid":{"rendered":"https:\/\/eutechpolska.pl\/?page_id=29379"},"modified":"2025-07-24T16:30:45","modified_gmt":"2025-07-24T13:30:45","slug":"zrownowazona-energia","status":"publish","type":"page","link":"https:\/\/eutechpolska.pl\/en\/zrownowazona-energia\/","title":{"rendered":"SUSTAINABLE ENERGY"},"content":{"rendered":"<div data-elementor-type=\"wp-page\" data-elementor-id=\"29379\" class=\"elementor elementor-29379\">\n\t\t\t\t\t\t<div class=\"elementor-inner\">\n\t\t\t\t<div class=\"elementor-section-wrap\">\n\t\t\t\t\t\t\t\t\t<section class=\"elementor-section elementor-top-section elementor-element elementor-element-b6eb88c elementor-section-boxed elementor-section-height-default elementor-section-height-default\" data-id=\"b6eb88c\" data-element_type=\"section\">\n\t\t\t\t\t\t<div class=\"elementor-container elementor-column-gap-thegem\">\n\t\t\t\t\t\t\t<div class=\"elementor-row\">\n\t\t\t\t\t<div class=\"elementor-column elementor-col-100 elementor-top-column elementor-element elementor-element-45106cb\" data-id=\"45106cb\" data-element_type=\"column\">\n\t\t\t<div class=\"elementor-column-wrap elementor-element-populated\">\n\t\t\t\t\t\t\t<div class=\"elementor-widget-wrap\">\n\t\t\t\t\t\t<div class=\"elementor-element elementor-element-61c66f5 flex-horizontal-align-default flex-horizontal-align-tablet-default flex-horizontal-align-mobile-default flex-vertical-align-default flex-vertical-align-tablet-default flex-vertical-align-mobile-default elementor-widget elementor-widget-heading\" data-id=\"61c66f5\" data-element_type=\"widget\" data-widget_type=\"heading.default\">\n\t\t\t\t<div class=\"elementor-widget-container\">\n\t\t\t<style>\/*! elementor - v3.12.1 - 02-04-2023 *\/\n.elementor-heading-title{padding:0;margin:0;line-height:1}.elementor-widget-heading .elementor-heading-title[class*=elementor-size-]>a{color:inherit;font-size:inherit;line-height:inherit}.elementor-widget-heading .elementor-heading-title.elementor-size-small{font-size:15px}.elementor-widget-heading .elementor-heading-title.elementor-size-medium{font-size:19px}.elementor-widget-heading .elementor-heading-title.elementor-size-large{font-size:29px}.elementor-widget-heading .elementor-heading-title.elementor-size-xl{font-size:39px}.elementor-widget-heading .elementor-heading-title.elementor-size-xxl{font-size:59px}<\/style><h4 class=\"elementor-heading-title elementor-size-default\">LNG and Bio-LNG Solutions for a Sustainable Energy Future<span style=\"letter-spacing: 0.05em;\"><\/span><\/h4>\t\t<\/div>\n\t\t\t\t<\/div>\n\t\t\t\t\t\t<\/div>\n\t\t\t\t\t<\/div>\n\t\t<\/div>\n\t\t\t\t\t\t\t\t<\/div>\n\t\t\t\t\t<\/div>\n\t\t<\/section>\n\t\t\t\t<section class=\"elementor-section elementor-top-section elementor-element elementor-element-eedb770 elementor-section-boxed elementor-section-height-default elementor-section-height-default\" data-id=\"eedb770\" data-element_type=\"section\">\n\t\t\t\t\t\t<div class=\"elementor-container elementor-column-gap-thegem\">\n\t\t\t\t\t\t\t<div class=\"elementor-row\">\n\t\t\t\t\t<div class=\"elementor-column elementor-col-100 elementor-top-column elementor-element elementor-element-0310ade\" data-id=\"0310ade\" data-element_type=\"column\">\n\t\t\t<div class=\"elementor-column-wrap elementor-element-populated\">\n\t\t\t\t\t\t\t<div class=\"elementor-widget-wrap\">\n\t\t\t\t\t\t<div class=\"elementor-element elementor-element-6b58aac flex-horizontal-align-default flex-horizontal-align-tablet-default flex-horizontal-align-mobile-default flex-vertical-align-default flex-vertical-align-tablet-default flex-vertical-align-mobile-default elementor-widget elementor-widget-text-editor\" data-id=\"6b58aac\" data-element_type=\"widget\" data-widget_type=\"text-editor.default\">\n\t\t\t\t<div class=\"elementor-widget-container\">\n\t\t\t<style>\/*! elementor - v3.12.1 - 02-04-2023 *\/\n.elementor-widget-text-editor.elementor-drop-cap-view-stacked .elementor-drop-cap{background-color:#69727d;color:#fff}.elementor-widget-text-editor.elementor-drop-cap-view-framed .elementor-drop-cap{color:#69727d;border:3px solid;background-color:transparent}.elementor-widget-text-editor:not(.elementor-drop-cap-view-default) .elementor-drop-cap{margin-top:8px}.elementor-widget-text-editor:not(.elementor-drop-cap-view-default) .elementor-drop-cap-letter{width:1em;height:1em}.elementor-widget-text-editor .elementor-drop-cap{float:left;text-align:center;line-height:1;font-size:50px}.elementor-widget-text-editor .elementor-drop-cap-letter{display:inline-block}<\/style>\t\t\t\t\t<div class=\"elementor-text-editor elementor-clearfix\">\n\t\t\t\t<p>At Eutech, we place LNG (Liquefied Natural Gas) and Bio-LNG technologies at the heart of our sustainable energy transition strategy. By offering LNG solutions with significantly lower carbon emissions compared to conventional fossil fuels, we help reduce environmental impact. Through Bio-LNG \u2014 a renewable, carbon-neutral alternative \u2014 we support the shift toward a cleaner energy future.<\/p><p>Our projects prioritize high efficiency, safety, and long-lasting system design. The integrated LNG infrastructures we develop are designed to meet both industrial and mobile energy needs in a sustainable way. With Bio-LNG solutions, we bring together waste management, environmental balance, and clean energy generation.<\/p><p>By combining the potential of LNG and Bio-LNG with advanced engineering, we contribute to a more efficient, environmentally friendly, and sustainable energy\u00a0landscape.<\/p>\t\t\t\t\t<\/div>\n\t\t\t\t\t\t<\/div>\n\t\t\t\t<\/div>\n\t\t\t\t\t\t<\/div>\n\t\t\t\t\t<\/div>\n\t\t<\/div>\n\t\t\t\t\t\t\t\t<\/div>\n\t\t\t\t\t<\/div>\n\t\t<\/section>\n\t\t\t\t<section class=\"elementor-section elementor-top-section elementor-element elementor-element-cda327d elementor-section-boxed elementor-section-height-default elementor-section-height-default\" data-id=\"cda327d\" data-element_type=\"section\">\n\t\t\t\t\t\t<div class=\"elementor-container elementor-column-gap-thegem\">\n\t\t\t\t\t\t\t<div class=\"elementor-row\">\n\t\t\t\t\t<div class=\"elementor-column elementor-col-100 elementor-top-column elementor-element elementor-element-d84676f\" data-id=\"d84676f\" data-element_type=\"column\">\n\t\t\t<div class=\"elementor-column-wrap\">\n\t\t\t\t\t\t\t<div class=\"elementor-widget-wrap\">\n\t\t\t\t\t\t\t\t<\/div>\n\t\t\t\t\t<\/div>\n\t\t<\/div>\n\t\t\t\t\t\t\t\t<\/div>\n\t\t\t\t\t<\/div>\n\t\t<\/section>\n\t\t\t\t\t\t\t\t\t<\/div>\n\t\t\t<\/div>\n\t\t\t\t\t<\/div>","protected":false},"excerpt":{"rendered":"<p>Rozwi\u0105zania LNG i Bio-LNG dla zr\u00f3wnowa\u017conej przysz\u0142o\u015bci energetycznej W Eutech technologie LNG (skroplonego gazu ziemnego) i Bio-LNG stanowi\u0105 centralny element&#8230;<\/p>","protected":false},"author":2,"featured_media":0,"parent":0,"menu_order":0,"comment_status":"closed","ping_status":"closed","template":"page-fullwidth.php","meta":{"_mi_skip_tracking":false,"_monsterinsights_sitenote_active":false,"_monsterinsights_sitenote_note":"","_monsterinsights_sitenote_category":0},"yoast_head":"<!-- This site is optimized with the Yoast SEO plugin v20.7 - https:\/\/yoast.com\/wordpress\/plugins\/seo\/ -->\n<title>ZR\u00d3WNOWA\u017bONA ENERGIA - Eutech Polska<\/title>\n<meta name=\"robots\" content=\"index, follow, max-snippet:-1, max-image-preview:large, max-video-preview:-1\" \/>\n<link rel=\"canonical\" href=\"https:\/\/eutechpolska.pl\/en\/zrownowazona-energia\/\" \/>\n<meta property=\"og:locale\" content=\"en_GB\" \/>\n<meta property=\"og:type\" content=\"article\" \/>\n<meta property=\"og:title\" content=\"ZR\u00d3WNOWA\u017bONA ENERGIA - Eutech Polska\" \/>\n<meta property=\"og:description\" content=\"Rozwi\u0105zania LNG i Bio-LNG dla zr\u00f3wnowa\u017conej przysz\u0142o\u015bci energetycznej W Eutech technologie LNG (skroplonego gazu ziemnego) i Bio-LNG stanowi\u0105 centralny element...\" \/>\n<meta property=\"og:url\" content=\"https:\/\/eutechpolska.pl\/en\/zrownowazona-energia\/\" \/>\n<meta property=\"og:site_name\" content=\"Eutech Polska\" \/>\n<meta property=\"article:modified_time\" content=\"2025-07-24T13:30:45+00:00\" \/>\n<meta name=\"twitter:card\" content=\"summary_large_image\" \/>\n<meta name=\"twitter:label1\" content=\"Estimated reading time\" \/>\n\t<meta name=\"twitter:data1\" content=\"1 minute\" \/>\n<script type=\"application\/ld+json\" class=\"yoast-schema-graph\">{\"@context\":\"https:\/\/schema.org\",\"@graph\":[{\"@type\":\"WebPage\",\"@id\":\"https:\/\/eutechpolska.pl\/zrownowazona-energia\/\",\"url\":\"https:\/\/eutechpolska.pl\/zrownowazona-energia\/\",\"name\":\"ZR\u00d3WNOWA\u017bONA ENERGIA - Eutech Polska\",\"isPartOf\":{\"@id\":\"https:\/\/eutechpolska.pl\/#website\"},\"datePublished\":\"2025-07-21T13:33:02+00:00\",\"dateModified\":\"2025-07-24T13:30:45+00:00\",\"breadcrumb\":{\"@id\":\"https:\/\/eutechpolska.pl\/zrownowazona-energia\/#breadcrumb\"},\"inLanguage\":\"en-GB\",\"potentialAction\":[{\"@type\":\"ReadAction\",\"target\":[\"https:\/\/eutechpolska.pl\/zrownowazona-energia\/\"]}]},{\"@type\":\"BreadcrumbList\",\"@id\":\"https:\/\/eutechpolska.pl\/zrownowazona-energia\/#breadcrumb\",\"itemListElement\":[{\"@type\":\"ListItem\",\"position\":1,\"name\":\"Home\",\"item\":\"https:\/\/eutechpolska.pl\/\"},{\"@type\":\"ListItem\",\"position\":2,\"name\":\"ZR\u00d3WNOWA\u017bONA ENERGIA\"}]},{\"@type\":\"WebSite\",\"@id\":\"https:\/\/eutechpolska.pl\/#website\",\"url\":\"https:\/\/eutechpolska.pl\/\",\"name\":\"Eutech Polska\",\"description\":\"Intelligent Future\",\"publisher\":{\"@id\":\"https:\/\/eutechpolska.pl\/#organization\"},\"potentialAction\":[{\"@type\":\"SearchAction\",\"target\":{\"@type\":\"EntryPoint\",\"urlTemplate\":\"https:\/\/eutechpolska.pl\/?s={search_term_string}\"},\"query-input\":\"required name=search_term_string\"}],\"inLanguage\":\"en-GB\"},{\"@type\":\"Organization\",\"@id\":\"https:\/\/eutechpolska.pl\/#organization\",\"name\":\"Eutech Polska\",\"url\":\"https:\/\/eutechpolska.pl\/\",\"logo\":{\"@type\":\"ImageObject\",\"inLanguage\":\"en-GB\",\"@id\":\"https:\/\/eutechpolska.pl\/#\/schema\/logo\/image\/\",\"url\":\"https:\/\/eutechpolska.pl\/wp-content\/uploads\/2023\/04\/eutech-logo.png\",\"contentUrl\":\"https:\/\/eutechpolska.pl\/wp-content\/uploads\/2023\/04\/eutech-logo.png\",\"width\":328,\"height\":125,\"caption\":\"Eutech Polska\"},\"image\":{\"@id\":\"https:\/\/eutechpolska.pl\/#\/schema\/logo\/image\/\"},\"sameAs\":[\"https:\/\/www.instagram.com\/eutech.com.tr\/\",\"https:\/\/www.linkedin.com\/company\/eutech-intelligent-future\/\"]}]}<\/script>\n<!-- \/ Yoast SEO plugin. -->","yoast_head_json":{"title":"ZR\u00d3WNOWA\u017bONA ENERGIA - Eutech Polska","robots":{"index":"index","follow":"follow","max-snippet":"max-snippet:-1","max-image-preview":"max-image-preview:large","max-video-preview":"max-video-preview:-1"},"canonical":"https:\/\/eutechpolska.pl\/en\/zrownowazona-energia\/","og_locale":"en_GB","og_type":"article","og_title":"ZR\u00d3WNOWA\u017bONA ENERGIA - Eutech Polska","og_description":"Rozwi\u0105zania LNG i Bio-LNG dla zr\u00f3wnowa\u017conej przysz\u0142o\u015bci energetycznej W Eutech technologie LNG (skroplonego gazu ziemnego) i Bio-LNG stanowi\u0105 centralny element...","og_url":"https:\/\/eutechpolska.pl\/en\/zrownowazona-energia\/","og_site_name":"Eutech Polska","article_modified_time":"2025-07-24T13:30:45+00:00","twitter_card":"summary_large_image","twitter_misc":{"Estimated reading time":"1 minute"},"schema":{"@context":"https:\/\/schema.org","@graph":[{"@type":"WebPage","@id":"https:\/\/eutechpolska.pl\/zrownowazona-energia\/","url":"https:\/\/eutechpolska.pl\/zrownowazona-energia\/","name":"ZR\u00d3WNOWA\u017bONA ENERGIA - Eutech Polska","isPartOf":{"@id":"https:\/\/eutechpolska.pl\/#website"},"datePublished":"2025-07-21T13:33:02+00:00","dateModified":"2025-07-24T13:30:45+00:00","breadcrumb":{"@id":"https:\/\/eutechpolska.pl\/zrownowazona-energia\/#breadcrumb"},"inLanguage":"en-GB","potentialAction":[{"@type":"ReadAction","target":["https:\/\/eutechpolska.pl\/zrownowazona-energia\/"]}]},{"@type":"BreadcrumbList","@id":"https:\/\/eutechpolska.pl\/zrownowazona-energia\/#breadcrumb","itemListElement":[{"@type":"ListItem","position":1,"name":"Home","item":"https:\/\/eutechpolska.pl\/"},{"@type":"ListItem","position":2,"name":"ZR\u00d3WNOWA\u017bONA ENERGIA"}]},{"@type":"WebSite","@id":"https:\/\/eutechpolska.pl\/#website","url":"https:\/\/eutechpolska.pl\/","name":"Eutech Polska","description":"Intelligent Future","publisher":{"@id":"https:\/\/eutechpolska.pl\/#organization"},"potentialAction":[{"@type":"SearchAction","target":{"@type":"EntryPoint","urlTemplate":"https:\/\/eutechpolska.pl\/?s={search_term_string}"},"query-input":"required name=search_term_string"}],"inLanguage":"en-GB"},{"@type":"Organization","@id":"https:\/\/eutechpolska.pl\/#organization","name":"Eutech Polska","url":"https:\/\/eutechpolska.pl\/","logo":{"@type":"ImageObject","inLanguage":"en-GB","@id":"https:\/\/eutechpolska.pl\/#\/schema\/logo\/image\/","url":"https:\/\/eutechpolska.pl\/wp-content\/uploads\/2023\/04\/eutech-logo.png","contentUrl":"https:\/\/eutechpolska.pl\/wp-content\/uploads\/2023\/04\/eutech-logo.png","width":328,"height":125,"caption":"Eutech Polska"},"image":{"@id":"https:\/\/eutechpolska.pl\/#\/schema\/logo\/image\/"},"sameAs":["https:\/\/www.instagram.com\/eutech.com.tr\/","https:\/\/www.linkedin.com\/company\/eutech-intelligent-future\/"]}]}},"_links":{"self":[{"href":"https:\/\/eutechpolska.pl\/en\/wp-json\/wp\/v2\/pages\/29379"}],"collection":[{"href":"https:\/\/eutechpolska.pl\/en\/wp-json\/wp\/v2\/pages"}],"about":[{"href":"https:\/\/eutechpolska.pl\/en\/wp-json\/wp\/v2\/types\/page"}],"author":[{"embeddable":true,"href":"https:\/\/eutechpolska.pl\/en\/wp-json\/wp\/v2\/users\/2"}],"replies":[{"embeddable":true,"href":"https:\/\/eutechpolska.pl\/en\/wp-json\/wp\/v2\/comments?post=29379"}],"version-history":[{"count":5,"href":"https:\/\/eutechpolska.pl\/en\/wp-json\/wp\/v2\/pages\/29379\/revisions"}],"predecessor-version":[{"id":29897,"href":"https:\/\/eutechpolska.pl\/en\/wp-json\/wp\/v2\/pages\/29379\/revisions\/29897"}],"wp:attachment":[{"href":"https:\/\/eutechpolska.pl\/en\/wp-json\/wp\/v2\/media?parent=29379"}],"curies":[{"name":"wp","href":"https:\/\/api.w.org\/{rel}","templated":true}]}}