{"id":29363,"date":"2025-07-21T16:22:07","date_gmt":"2025-07-21T13:22:07","guid":{"rendered":"https:\/\/eutechpolska.pl\/?page_id=29363"},"modified":"2025-07-24T14:55:25","modified_gmt":"2025-07-24T11:55:25","slug":"systemy-regulacji-i-pomiaru-lng-rms","status":"publish","type":"page","link":"https:\/\/eutechpolska.pl\/en\/systemy-regulacji-i-pomiaru-lng-rms\/","title":{"rendered":"LNG Regulating &amp; Metering Systems (RMS)"},"content":{"rendered":"<div data-elementor-type=\"wp-page\" data-elementor-id=\"29363\" class=\"elementor elementor-29363\">\n\t\t\t\t\t\t<div class=\"elementor-inner\">\n\t\t\t\t<div class=\"elementor-section-wrap\">\n\t\t\t\t\t\t\t\t\t<section class=\"elementor-section elementor-top-section elementor-element elementor-element-e83e5c3 elementor-section-boxed elementor-section-height-default elementor-section-height-default\" data-id=\"e83e5c3\" data-element_type=\"section\" data-settings=\"{&quot;background_background&quot;:&quot;classic&quot;}\">\n\t\t\t\t\t\t<div class=\"elementor-container elementor-column-gap-thegem\">\n\t\t\t\t\t\t\t<div class=\"elementor-row\">\n\t\t\t\t\t<div class=\"elementor-column elementor-col-50 elementor-top-column elementor-element elementor-element-d3d26f3\" data-id=\"d3d26f3\" data-element_type=\"column\">\n\t\t\t<div class=\"elementor-column-wrap elementor-element-populated\">\n\t\t\t\t\t\t\t<div class=\"elementor-widget-wrap\">\n\t\t\t\t\t\t<div class=\"elementor-element elementor-element-ac0ca72 flex-horizontal-align-default flex-horizontal-align-tablet-default flex-horizontal-align-mobile-default flex-vertical-align-default flex-vertical-align-tablet-default flex-vertical-align-mobile-default elementor-widget elementor-widget-text-editor\" data-id=\"ac0ca72\" data-element_type=\"widget\" data-widget_type=\"text-editor.default\">\n\t\t\t\t<div class=\"elementor-widget-container\">\n\t\t\t<style>\/*! elementor - v3.12.1 - 02-04-2023 *\/\n.elementor-widget-text-editor.elementor-drop-cap-view-stacked .elementor-drop-cap{background-color:#69727d;color:#fff}.elementor-widget-text-editor.elementor-drop-cap-view-framed .elementor-drop-cap{color:#69727d;border:3px solid;background-color:transparent}.elementor-widget-text-editor:not(.elementor-drop-cap-view-default) .elementor-drop-cap{margin-top:8px}.elementor-widget-text-editor:not(.elementor-drop-cap-view-default) .elementor-drop-cap-letter{width:1em;height:1em}.elementor-widget-text-editor .elementor-drop-cap{float:left;text-align:center;line-height:1;font-size:50px}.elementor-widget-text-editor .elementor-drop-cap-letter{display:inline-block}<\/style>\t\t\t\t\t<div class=\"elementor-text-editor elementor-clearfix\">\n\t\t\t\t<h3><b>RMS Stations<\/b><\/h3>\n<div>\n<div>RMS stations are one of the most important systems in the process of transporting natural gas. Natural gas is exposed to many different pressurization conditions during the stages of its extraction from its source, its transfer between cities and countries and its delivery to the end user, and it also needs to be measured under many different conditions. For example, while being transferred between countries, it must be transmitted through pipelines at very high pressures, while city gas transmitted to the end user it must be at very low pressures in order to be used safely.<\/div>\n<div>Eutech Polska offers pressure regulation and measurement systems solutions for all needs from 70 bar to 21 millibar with its expert team and vast experience.<\/div>\n<div><br><\/div>\n<div>Eutech Polska is offering solutions for regulating and measuring applications as plug &amp; play SKID systems. The SKID systems\u2019 design and production can be adapted to the specific requirements of the end-users by the expert engineering team.<\/div>\n<\/div>\t\t\t\t\t<\/div>\n\t\t\t\t\t\t<\/div>\n\t\t\t\t<\/div>\n\t\t\t\t\t\t<\/div>\n\t\t\t\t\t<\/div>\n\t\t<\/div>\n\t\t\t\t<div class=\"elementor-column elementor-col-50 elementor-top-column elementor-element elementor-element-019303c\" data-id=\"019303c\" data-element_type=\"column\">\n\t\t\t<div class=\"elementor-column-wrap elementor-element-populated\">\n\t\t\t\t\t\t\t<div class=\"elementor-widget-wrap\">\n\t\t\t\t\t\t<div class=\"elementor-element elementor-element-bb7ce16 flex-horizontal-align-default flex-horizontal-align-tablet-default flex-horizontal-align-mobile-default flex-vertical-align-default flex-vertical-align-tablet-default flex-vertical-align-mobile-default elementor-widget elementor-widget-image\" data-id=\"bb7ce16\" data-element_type=\"widget\" data-widget_type=\"image.default\">\n\t\t\t\t<div class=\"elementor-widget-container\">\n\t\t\t<style>\/*! elementor - v3.12.1 - 02-04-2023 *\/\n.elementor-widget-image{text-align:center}.elementor-widget-image a{display:inline-block}.elementor-widget-image a img[src$=\".svg\"]{width:48px}.elementor-widget-image img{vertical-align:middle;display:inline-block}<\/style>\t\t\t\t\t<div class=\"elementor-image\">\n\t\t\t\t\t\t\t\t\t\t\t\t<img decoding=\"async\" width=\"1024\" height=\"637\" src=\"https:\/\/eutechpolska.pl\/wp-content\/uploads\/2023\/05\/RMS-Otomasyonu-6-1024x637.jpg\" class=\"attachment-large size-large wp-image-28650\" alt=\"\" srcset=\"https:\/\/eutechpolska.pl\/wp-content\/uploads\/2023\/05\/RMS-Otomasyonu-6-1024x637.jpg 1024w, https:\/\/eutechpolska.pl\/wp-content\/uploads\/2023\/05\/RMS-Otomasyonu-6-300x187.jpg 300w, https:\/\/eutechpolska.pl\/wp-content\/uploads\/2023\/05\/RMS-Otomasyonu-6-768x478.jpg 768w, https:\/\/eutechpolska.pl\/wp-content\/uploads\/2023\/05\/RMS-Otomasyonu-6-1536x955.jpg 1536w, https:\/\/eutechpolska.pl\/wp-content\/uploads\/2023\/05\/RMS-Otomasyonu-6.jpg 1600w\" sizes=\"(max-width: 1024px) 100vw, 1024px\" \/>\t\t\t\t\t\t\t\t\t\t\t\t\t\t<\/div>\n\t\t\t\t\t\t<\/div>\n\t\t\t\t<\/div>\n\t\t\t\t\t\t<\/div>\n\t\t\t\t\t<\/div>\n\t\t<\/div>\n\t\t\t\t\t\t\t\t<\/div>\n\t\t\t\t\t<\/div>\n\t\t<\/section>\n\t\t\t\t<section class=\"elementor-section elementor-top-section elementor-element elementor-element-36d4447 elementor-section-boxed elementor-section-height-default elementor-section-height-default\" data-id=\"36d4447\" data-element_type=\"section\">\n\t\t\t\t\t\t<div class=\"elementor-container elementor-column-gap-thegem\">\n\t\t\t\t\t\t\t<div class=\"elementor-row\">\n\t\t\t\t\t<div class=\"elementor-column elementor-col-100 elementor-top-column elementor-element elementor-element-56787d7\" data-id=\"56787d7\" data-element_type=\"column\">\n\t\t\t<div class=\"elementor-column-wrap elementor-element-populated\">\n\t\t\t\t\t\t\t<div class=\"elementor-widget-wrap\">\n\t\t\t\t\t\t<div class=\"elementor-element elementor-element-4001cd1 elementor-widget__width-initial flex-horizontal-align-default flex-horizontal-align-tablet-default flex-horizontal-align-mobile-default flex-vertical-align-default flex-vertical-align-tablet-default flex-vertical-align-mobile-default elementor-widget elementor-widget-thegem-gallery-grid\" data-id=\"4001cd1\" data-element_type=\"widget\" data-settings=\"{&quot;thegem_elementor_preset&quot;:&quot;default&quot;,&quot;icon_show&quot;:&quot;yes&quot;}\" data-widget_type=\"thegem-gallery-grid.default\">\n\t\t\t\t<div class=\"elementor-widget-container\">\n\t\t\t\r\n\t\t\t\r\n\t\t\t\t\t\t<div class=\"preloader save-space\"><div class=\"preloader-spin\"><\/div><\/div>\t\t\t<div class=\"gallery-preloader-wrapper\">\r\n\r\n\t\t\t\t<div class=\"row\">\r\n\r\n\t\t\t\t\t<div class=\"gem-gallery-grid col-lg-12 col-md-12 col-sm-12  gallery-style-justified  hover-default  gaps-margin  columns-3\" data-hover=\"default\">\r\n\r\n\t\t\t\t\t\t<div class=\"not-fullwidth-block\">\r\n\r\n\t\t\t\t\t\t\t<ul class=\"gallery-set clearfix\"\r\n\t\t\t\t\t\t\t\tdata-max-row-height=\"\">\r\n\t\t\t\t\t\t\t\t\r\n<li class=\"gallery-item col-lg-4 col-md-4 col-sm-6 col-xs-6 single-icon post-29363 page type-page status-publish\" style=\"padding: calc(121px\/2)\">\r\n\t<div class=\"wrap gem-wrapbox gem-wrapbox-style-default\">\r\n\t\t\t\t\t\t<div class=\"overlay-wrap\">\r\n\t\t\t\t\t<div class=\"image-wrap\">\r\n\t\t\t\t\t\t\t\t<picture>\n\t\t\t\t\t\t\t\t\t\t\t<source srcset=\"https:\/\/eutechpolska.pl\/wp-content\/uploads\/2025\/07\/IMG-20250217-WA0003-scaled-thegem-gallery-justified-2x-500.jpg 1x, https:\/\/eutechpolska.pl\/wp-content\/uploads\/2025\/07\/IMG-20250217-WA0003-scaled-thegem-gallery-justified.jpg 2x\" media=\"(max-width: 550px)\"  sizes=\"100vw\">\n\t\t\t\t\t\t\t\t<source srcset=\"https:\/\/eutechpolska.pl\/wp-content\/uploads\/2025\/07\/IMG-20250217-WA0003-scaled-thegem-gallery-justified-3x.jpg 1x, https:\/\/eutechpolska.pl\/wp-content\/uploads\/2025\/07\/IMG-20250217-WA0003-scaled-thegem-gallery-justified.jpg 2x\" media=\"(max-width: 1920px)\"  sizes=\"100vw\">\n\t\t\t\t\t\t\t<img decoding=\"async\" src=\"https:\/\/eutechpolska.pl\/wp-content\/uploads\/2025\/07\/IMG-20250217-WA0003-scaled-thegem-gallery-justified.jpg\" width=\"660\" height=\"600\"  class=\"attachment-thegem-gallery-justified\" alt=\"IMG-20250217-WA0003\" style=\"max-width: 110%\" \/>\n\t\t<\/picture>\n\t\t\t\t\t\t\t<\/div>\r\n\t\t\t\t\t<div class=\"overlay\">\r\n\t\t\t\t\t\t<div class=\"overlay-circle\"><\/div>\r\n\t\t\t\t\t\t\t\t\t\t\t\t\t<a href=\"https:\/\/eutechpolska.pl\/wp-content\/uploads\/2025\/07\/IMG-20250217-WA0003-scaled.jpg\"\r\n\t\t\t\t\t\t\t   class=\"gallery-item-link fancy-gallery\"\r\n\t\t\t\t\t\t\t   data-fancybox=\"gallery-69e22b2b06ded\">\r\n\t\t\t\t\t\t<span class=\"slide-info\">\r\n\t\t\t\t\t\t\t\t\t\t\t\t\t<\/span>\r\n\t\t\t\t\t\t\t<\/a>\r\n\t\t\t\t\t\t\t\t\t\t\t\t<div class=\"overlay-content\">\r\n\t\t\t\t\t\t\t<div class=\"overlay-content-center\">\r\n\t\t\t\t\t\t\t\t<div class=\"overlay-content-inner\">\r\n\t\t\t\t\t\t\t\t\t<a href=\"https:\/\/eutechpolska.pl\/wp-content\/uploads\/2025\/07\/IMG-20250217-WA0003-scaled.jpg\"\r\n\t\t\t\t\t\t\t\t\t   class=\"icon photo\"\r\n\t\t\t\t\t\t\t\t\t    >\r\n\t\t\t\t\t\t\t\t\t\t<i class=\"default\"><\/i>\r\n\t\t\t\t\t\t\t\t\t\t\t\t\t\t\t\t\t\t\t<\/a>\r\n\r\n\t\t\t\t\t\t\t\t\t\t\t\t\t\t\t\t\t\t\r\n\t\t\t\t\t\t\t\t\t\t\t\t\t\t\t\t\t\t\t\t\t\t\t\t\t\t<\/div>\r\n\t\t\t\t\t\t\t<\/div>\r\n\t\t\t\t\t\t<\/div>\r\n\t\t\t\t\t<\/div>\r\n\t\t\t\t<\/div>\r\n\t\t\t\t\t<\/div>\r\n\t<\/li>\r\n\r\n\t\t\t\t\t\t\t\t\r\n<li class=\"gallery-item col-lg-4 col-md-4 col-sm-6 col-xs-6 single-icon post-29363 page type-page status-publish\" style=\"padding: calc(121px\/2)\">\r\n\t<div class=\"wrap gem-wrapbox gem-wrapbox-style-default\">\r\n\t\t\t\t\t\t<div class=\"overlay-wrap\">\r\n\t\t\t\t\t<div class=\"image-wrap\">\r\n\t\t\t\t\t\t\t\t<picture>\n\t\t\t\t\t\t\t\t\t\t\t<source srcset=\"https:\/\/eutechpolska.pl\/wp-content\/uploads\/2025\/07\/IMG-20250217-WA0005-scaled-thegem-gallery-justified-2x-500.jpg 1x, https:\/\/eutechpolska.pl\/wp-content\/uploads\/2025\/07\/IMG-20250217-WA0005-scaled-thegem-gallery-justified.jpg 2x\" media=\"(max-width: 550px)\"  sizes=\"100vw\">\n\t\t\t\t\t\t\t\t<source srcset=\"https:\/\/eutechpolska.pl\/wp-content\/uploads\/2025\/07\/IMG-20250217-WA0005-scaled-thegem-gallery-justified-3x.jpg 1x, https:\/\/eutechpolska.pl\/wp-content\/uploads\/2025\/07\/IMG-20250217-WA0005-scaled-thegem-gallery-justified.jpg 2x\" media=\"(max-width: 1920px)\"  sizes=\"100vw\">\n\t\t\t\t\t\t\t<img decoding=\"async\" src=\"https:\/\/eutechpolska.pl\/wp-content\/uploads\/2025\/07\/IMG-20250217-WA0005-scaled-thegem-gallery-justified.jpg\" width=\"660\" height=\"600\"  class=\"attachment-thegem-gallery-justified\" alt=\"IMG-20250217-WA0005\" style=\"max-width: 110%\" \/>\n\t\t<\/picture>\n\t\t\t\t\t\t\t<\/div>\r\n\t\t\t\t\t<div class=\"overlay\">\r\n\t\t\t\t\t\t<div class=\"overlay-circle\"><\/div>\r\n\t\t\t\t\t\t\t\t\t\t\t\t\t<a href=\"https:\/\/eutechpolska.pl\/wp-content\/uploads\/2025\/07\/IMG-20250217-WA0005-scaled.jpg\"\r\n\t\t\t\t\t\t\t   class=\"gallery-item-link fancy-gallery\"\r\n\t\t\t\t\t\t\t   data-fancybox=\"gallery-69e22b2b06ded\">\r\n\t\t\t\t\t\t<span class=\"slide-info\">\r\n\t\t\t\t\t\t\t\t\t\t\t\t\t<\/span>\r\n\t\t\t\t\t\t\t<\/a>\r\n\t\t\t\t\t\t\t\t\t\t\t\t<div class=\"overlay-content\">\r\n\t\t\t\t\t\t\t<div class=\"overlay-content-center\">\r\n\t\t\t\t\t\t\t\t<div class=\"overlay-content-inner\">\r\n\t\t\t\t\t\t\t\t\t<a href=\"https:\/\/eutechpolska.pl\/wp-content\/uploads\/2025\/07\/IMG-20250217-WA0005-scaled.jpg\"\r\n\t\t\t\t\t\t\t\t\t   class=\"icon photo\"\r\n\t\t\t\t\t\t\t\t\t    >\r\n\t\t\t\t\t\t\t\t\t\t<i class=\"default\"><\/i>\r\n\t\t\t\t\t\t\t\t\t\t\t\t\t\t\t\t\t\t\t<\/a>\r\n\r\n\t\t\t\t\t\t\t\t\t\t\t\t\t\t\t\t\t\t\r\n\t\t\t\t\t\t\t\t\t\t\t\t\t\t\t\t\t\t\t\t\t\t\t\t\t\t<\/div>\r\n\t\t\t\t\t\t\t<\/div>\r\n\t\t\t\t\t\t<\/div>\r\n\t\t\t\t\t<\/div>\r\n\t\t\t\t<\/div>\r\n\t\t\t\t\t<\/div>\r\n\t<\/li>\r\n\r\n\t\t\t\t\t\t\t\t\r\n<li class=\"gallery-item col-lg-4 col-md-4 col-sm-6 col-xs-6 single-icon post-29363 page type-page status-publish\" style=\"padding: calc(121px\/2)\">\r\n\t<div class=\"wrap gem-wrapbox gem-wrapbox-style-default\">\r\n\t\t\t\t\t\t<div class=\"overlay-wrap\">\r\n\t\t\t\t\t<div class=\"image-wrap\">\r\n\t\t\t\t\t\t\t\t<picture>\n\t\t\t\t\t\t\t\t\t\t\t<source srcset=\"https:\/\/eutechpolska.pl\/wp-content\/uploads\/2025\/07\/IMG-20250217-WA0029-scaled-thegem-gallery-justified-2x-500.jpg 1x, https:\/\/eutechpolska.pl\/wp-content\/uploads\/2025\/07\/IMG-20250217-WA0029-scaled-thegem-gallery-justified.jpg 2x\" media=\"(max-width: 550px)\"  sizes=\"100vw\">\n\t\t\t\t\t\t\t\t<source srcset=\"https:\/\/eutechpolska.pl\/wp-content\/uploads\/2025\/07\/IMG-20250217-WA0029-scaled-thegem-gallery-justified-3x.jpg 1x, https:\/\/eutechpolska.pl\/wp-content\/uploads\/2025\/07\/IMG-20250217-WA0029-scaled-thegem-gallery-justified.jpg 2x\" media=\"(max-width: 1920px)\"  sizes=\"100vw\">\n\t\t\t\t\t\t\t<img decoding=\"async\" src=\"https:\/\/eutechpolska.pl\/wp-content\/uploads\/2025\/07\/IMG-20250217-WA0029-scaled-thegem-gallery-justified.jpg\" width=\"660\" height=\"600\"  class=\"attachment-thegem-gallery-justified\" alt=\"IMG-20250217-WA0029\" style=\"max-width: 110%\" \/>\n\t\t<\/picture>\n\t\t\t\t\t\t\t<\/div>\r\n\t\t\t\t\t<div class=\"overlay\">\r\n\t\t\t\t\t\t<div class=\"overlay-circle\"><\/div>\r\n\t\t\t\t\t\t\t\t\t\t\t\t\t<a href=\"https:\/\/eutechpolska.pl\/wp-content\/uploads\/2025\/07\/IMG-20250217-WA0029-scaled.jpg\"\r\n\t\t\t\t\t\t\t   class=\"gallery-item-link fancy-gallery\"\r\n\t\t\t\t\t\t\t   data-fancybox=\"gallery-69e22b2b06ded\">\r\n\t\t\t\t\t\t<span class=\"slide-info\">\r\n\t\t\t\t\t\t\t\t\t\t\t\t\t<\/span>\r\n\t\t\t\t\t\t\t<\/a>\r\n\t\t\t\t\t\t\t\t\t\t\t\t<div class=\"overlay-content\">\r\n\t\t\t\t\t\t\t<div class=\"overlay-content-center\">\r\n\t\t\t\t\t\t\t\t<div class=\"overlay-content-inner\">\r\n\t\t\t\t\t\t\t\t\t<a href=\"https:\/\/eutechpolska.pl\/wp-content\/uploads\/2025\/07\/IMG-20250217-WA0029-scaled.jpg\"\r\n\t\t\t\t\t\t\t\t\t   class=\"icon photo\"\r\n\t\t\t\t\t\t\t\t\t    >\r\n\t\t\t\t\t\t\t\t\t\t<i class=\"default\"><\/i>\r\n\t\t\t\t\t\t\t\t\t\t\t\t\t\t\t\t\t\t\t<\/a>\r\n\r\n\t\t\t\t\t\t\t\t\t\t\t\t\t\t\t\t\t\t\r\n\t\t\t\t\t\t\t\t\t\t\t\t\t\t\t\t\t\t\t\t\t\t\t\t\t\t<\/div>\r\n\t\t\t\t\t\t\t<\/div>\r\n\t\t\t\t\t\t<\/div>\r\n\t\t\t\t\t<\/div>\r\n\t\t\t\t<\/div>\r\n\t\t\t\t\t<\/div>\r\n\t<\/li>\r\n\r\n\t\t\t\t\t\t\t\t\t\t\t\t\t\t\t<\/ul>\r\n\r\n\t\t\t\t\t\t<\/div>\r\n\t\t\t\t\t<\/div>\r\n\t\t\t\t<\/div>\r\n\r\n\t\t\t\t\t\t\t<\/div>\r\n\r\n\t\t\t\t\t<\/div>\n\t\t\t\t<\/div>\n\t\t\t\t\t\t<\/div>\n\t\t\t\t\t<\/div>\n\t\t<\/div>\n\t\t\t\t\t\t\t\t<\/div>\n\t\t\t\t\t<\/div>\n\t\t<\/section>\n\t\t\t\t\t\t\t\t\t<\/div>\n\t\t\t<\/div>\n\t\t\t\t\t<\/div>","protected":false},"excerpt":{"rendered":"<p>Stacje RMS Stacje RMS s\u0105 jednym z najwa\u017cniejszych system\u00f3w w procesie transportu gazu ziemnego. Gaz ziemny jest nara\u017cony na wiele&#8230;<\/p>","protected":false},"author":2,"featured_media":0,"parent":0,"menu_order":0,"comment_status":"closed","ping_status":"closed","template":"page-fullwidth.php","meta":{"_mi_skip_tracking":false,"_monsterinsights_sitenote_active":false,"_monsterinsights_sitenote_note":"","_monsterinsights_sitenote_category":0},"yoast_head":"<!-- This site is optimized with the Yoast SEO plugin v20.7 - https:\/\/yoast.com\/wordpress\/plugins\/seo\/ -->\n<title>Systemy regulacji i pomiaru LNG (RMS) - Eutech Polska<\/title>\n<meta name=\"robots\" content=\"index, follow, max-snippet:-1, max-image-preview:large, max-video-preview:-1\" \/>\n<link rel=\"canonical\" href=\"https:\/\/eutechpolska.pl\/en\/systemy-regulacji-i-pomiaru-lng-rms\/\" \/>\n<meta property=\"og:locale\" content=\"en_GB\" \/>\n<meta property=\"og:type\" content=\"article\" \/>\n<meta property=\"og:title\" content=\"Systemy regulacji i pomiaru LNG (RMS) - Eutech Polska\" \/>\n<meta property=\"og:description\" content=\"Stacje RMS Stacje RMS s\u0105 jednym z najwa\u017cniejszych system\u00f3w w procesie transportu gazu ziemnego. Gaz ziemny jest nara\u017cony na wiele...\" \/>\n<meta property=\"og:url\" content=\"https:\/\/eutechpolska.pl\/en\/systemy-regulacji-i-pomiaru-lng-rms\/\" \/>\n<meta property=\"og:site_name\" content=\"Eutech Polska\" \/>\n<meta property=\"article:modified_time\" content=\"2025-07-24T11:55:25+00:00\" \/>\n<meta property=\"og:image\" content=\"https:\/\/eutechpolska.pl\/wp-content\/uploads\/2023\/05\/RMS-Otomasyonu-6-1024x637.jpg\" \/>\n<meta name=\"twitter:card\" content=\"summary_large_image\" \/>\n<meta name=\"twitter:label1\" content=\"Estimated reading time\" \/>\n\t<meta name=\"twitter:data1\" content=\"2 minutes\" \/>\n<script type=\"application\/ld+json\" class=\"yoast-schema-graph\">{\"@context\":\"https:\/\/schema.org\",\"@graph\":[{\"@type\":\"WebPage\",\"@id\":\"https:\/\/eutechpolska.pl\/systemy-regulacji-i-pomiaru-lng-rms\/\",\"url\":\"https:\/\/eutechpolska.pl\/systemy-regulacji-i-pomiaru-lng-rms\/\",\"name\":\"Systemy regulacji i pomiaru LNG (RMS) - Eutech Polska\",\"isPartOf\":{\"@id\":\"https:\/\/eutechpolska.pl\/#website\"},\"datePublished\":\"2025-07-21T13:22:07+00:00\",\"dateModified\":\"2025-07-24T11:55:25+00:00\",\"breadcrumb\":{\"@id\":\"https:\/\/eutechpolska.pl\/systemy-regulacji-i-pomiaru-lng-rms\/#breadcrumb\"},\"inLanguage\":\"en-GB\",\"potentialAction\":[{\"@type\":\"ReadAction\",\"target\":[\"https:\/\/eutechpolska.pl\/systemy-regulacji-i-pomiaru-lng-rms\/\"]}]},{\"@type\":\"BreadcrumbList\",\"@id\":\"https:\/\/eutechpolska.pl\/systemy-regulacji-i-pomiaru-lng-rms\/#breadcrumb\",\"itemListElement\":[{\"@type\":\"ListItem\",\"position\":1,\"name\":\"Home\",\"item\":\"https:\/\/eutechpolska.pl\/\"},{\"@type\":\"ListItem\",\"position\":2,\"name\":\"Systemy regulacji i pomiaru LNG (RMS)\"}]},{\"@type\":\"WebSite\",\"@id\":\"https:\/\/eutechpolska.pl\/#website\",\"url\":\"https:\/\/eutechpolska.pl\/\",\"name\":\"Eutech Polska\",\"description\":\"Intelligent Future\",\"publisher\":{\"@id\":\"https:\/\/eutechpolska.pl\/#organization\"},\"potentialAction\":[{\"@type\":\"SearchAction\",\"target\":{\"@type\":\"EntryPoint\",\"urlTemplate\":\"https:\/\/eutechpolska.pl\/?s={search_term_string}\"},\"query-input\":\"required name=search_term_string\"}],\"inLanguage\":\"en-GB\"},{\"@type\":\"Organization\",\"@id\":\"https:\/\/eutechpolska.pl\/#organization\",\"name\":\"Eutech Polska\",\"url\":\"https:\/\/eutechpolska.pl\/\",\"logo\":{\"@type\":\"ImageObject\",\"inLanguage\":\"en-GB\",\"@id\":\"https:\/\/eutechpolska.pl\/#\/schema\/logo\/image\/\",\"url\":\"https:\/\/eutechpolska.pl\/wp-content\/uploads\/2023\/04\/eutech-logo.png\",\"contentUrl\":\"https:\/\/eutechpolska.pl\/wp-content\/uploads\/2023\/04\/eutech-logo.png\",\"width\":328,\"height\":125,\"caption\":\"Eutech Polska\"},\"image\":{\"@id\":\"https:\/\/eutechpolska.pl\/#\/schema\/logo\/image\/\"},\"sameAs\":[\"https:\/\/www.instagram.com\/eutech.com.tr\/\",\"https:\/\/www.linkedin.com\/company\/eutech-intelligent-future\/\"]}]}<\/script>\n<!-- \/ Yoast SEO plugin. -->","yoast_head_json":{"title":"Systemy regulacji i pomiaru LNG (RMS) - Eutech Polska","robots":{"index":"index","follow":"follow","max-snippet":"max-snippet:-1","max-image-preview":"max-image-preview:large","max-video-preview":"max-video-preview:-1"},"canonical":"https:\/\/eutechpolska.pl\/en\/systemy-regulacji-i-pomiaru-lng-rms\/","og_locale":"en_GB","og_type":"article","og_title":"Systemy regulacji i pomiaru LNG (RMS) - Eutech Polska","og_description":"Stacje RMS Stacje RMS s\u0105 jednym z najwa\u017cniejszych system\u00f3w w procesie transportu gazu ziemnego. Gaz ziemny jest nara\u017cony na wiele...","og_url":"https:\/\/eutechpolska.pl\/en\/systemy-regulacji-i-pomiaru-lng-rms\/","og_site_name":"Eutech Polska","article_modified_time":"2025-07-24T11:55:25+00:00","og_image":[{"url":"https:\/\/eutechpolska.pl\/wp-content\/uploads\/2023\/05\/RMS-Otomasyonu-6-1024x637.jpg"}],"twitter_card":"summary_large_image","twitter_misc":{"Estimated reading time":"2 minutes"},"schema":{"@context":"https:\/\/schema.org","@graph":[{"@type":"WebPage","@id":"https:\/\/eutechpolska.pl\/systemy-regulacji-i-pomiaru-lng-rms\/","url":"https:\/\/eutechpolska.pl\/systemy-regulacji-i-pomiaru-lng-rms\/","name":"Systemy regulacji i pomiaru LNG (RMS) - Eutech Polska","isPartOf":{"@id":"https:\/\/eutechpolska.pl\/#website"},"datePublished":"2025-07-21T13:22:07+00:00","dateModified":"2025-07-24T11:55:25+00:00","breadcrumb":{"@id":"https:\/\/eutechpolska.pl\/systemy-regulacji-i-pomiaru-lng-rms\/#breadcrumb"},"inLanguage":"en-GB","potentialAction":[{"@type":"ReadAction","target":["https:\/\/eutechpolska.pl\/systemy-regulacji-i-pomiaru-lng-rms\/"]}]},{"@type":"BreadcrumbList","@id":"https:\/\/eutechpolska.pl\/systemy-regulacji-i-pomiaru-lng-rms\/#breadcrumb","itemListElement":[{"@type":"ListItem","position":1,"name":"Home","item":"https:\/\/eutechpolska.pl\/"},{"@type":"ListItem","position":2,"name":"Systemy regulacji i pomiaru LNG (RMS)"}]},{"@type":"WebSite","@id":"https:\/\/eutechpolska.pl\/#website","url":"https:\/\/eutechpolska.pl\/","name":"Eutech Polska","description":"Intelligent Future","publisher":{"@id":"https:\/\/eutechpolska.pl\/#organization"},"potentialAction":[{"@type":"SearchAction","target":{"@type":"EntryPoint","urlTemplate":"https:\/\/eutechpolska.pl\/?s={search_term_string}"},"query-input":"required name=search_term_string"}],"inLanguage":"en-GB"},{"@type":"Organization","@id":"https:\/\/eutechpolska.pl\/#organization","name":"Eutech Polska","url":"https:\/\/eutechpolska.pl\/","logo":{"@type":"ImageObject","inLanguage":"en-GB","@id":"https:\/\/eutechpolska.pl\/#\/schema\/logo\/image\/","url":"https:\/\/eutechpolska.pl\/wp-content\/uploads\/2023\/04\/eutech-logo.png","contentUrl":"https:\/\/eutechpolska.pl\/wp-content\/uploads\/2023\/04\/eutech-logo.png","width":328,"height":125,"caption":"Eutech Polska"},"image":{"@id":"https:\/\/eutechpolska.pl\/#\/schema\/logo\/image\/"},"sameAs":["https:\/\/www.instagram.com\/eutech.com.tr\/","https:\/\/www.linkedin.com\/company\/eutech-intelligent-future\/"]}]}},"_links":{"self":[{"href":"https:\/\/eutechpolska.pl\/en\/wp-json\/wp\/v2\/pages\/29363"}],"collection":[{"href":"https:\/\/eutechpolska.pl\/en\/wp-json\/wp\/v2\/pages"}],"about":[{"href":"https:\/\/eutechpolska.pl\/en\/wp-json\/wp\/v2\/types\/page"}],"author":[{"embeddable":true,"href":"https:\/\/eutechpolska.pl\/en\/wp-json\/wp\/v2\/users\/2"}],"replies":[{"embeddable":true,"href":"https:\/\/eutechpolska.pl\/en\/wp-json\/wp\/v2\/comments?post=29363"}],"version-history":[{"count":21,"href":"https:\/\/eutechpolska.pl\/en\/wp-json\/wp\/v2\/pages\/29363\/revisions"}],"predecessor-version":[{"id":29844,"href":"https:\/\/eutechpolska.pl\/en\/wp-json\/wp\/v2\/pages\/29363\/revisions\/29844"}],"wp:attachment":[{"href":"https:\/\/eutechpolska.pl\/en\/wp-json\/wp\/v2\/media?parent=29363"}],"curies":[{"name":"wp","href":"https:\/\/api.w.org\/{rel}","templated":true}]}}