{"id":29347,"date":"2025-07-21T16:17:15","date_gmt":"2025-07-21T13:17:15","guid":{"rendered":"https:\/\/eutechpolska.pl\/?page_id=29347"},"modified":"2025-07-24T14:04:54","modified_gmt":"2025-07-24T11:04:54","slug":"gotowe-stacje-lng","status":"publish","type":"page","link":"https:\/\/eutechpolska.pl\/en\/gotowe-stacje-lng\/","title":{"rendered":"Turnkey LNG Stations"},"content":{"rendered":"<div data-elementor-type=\"wp-page\" data-elementor-id=\"29347\" class=\"elementor elementor-29347\">\n\t\t\t\t\t\t<div class=\"elementor-inner\">\n\t\t\t\t<div class=\"elementor-section-wrap\">\n\t\t\t\t\t\t\t\t\t<section class=\"elementor-section elementor-top-section elementor-element elementor-element-c3f205c elementor-section-boxed elementor-section-height-default elementor-section-height-default\" data-id=\"c3f205c\" data-element_type=\"section\">\n\t\t\t\t\t\t<div class=\"elementor-container elementor-column-gap-thegem\">\n\t\t\t\t\t\t\t<div class=\"elementor-row\">\n\t\t\t\t\t<div class=\"elementor-column elementor-col-100 elementor-top-column elementor-element elementor-element-e80618b\" data-id=\"e80618b\" data-element_type=\"column\">\n\t\t\t<div class=\"elementor-column-wrap elementor-element-populated\">\n\t\t\t\t\t\t\t<div class=\"elementor-widget-wrap\">\n\t\t\t\t\t\t<div class=\"elementor-element elementor-element-2452d89 flex-horizontal-align-default flex-horizontal-align-tablet-default flex-horizontal-align-mobile-default flex-vertical-align-default flex-vertical-align-tablet-default flex-vertical-align-mobile-default elementor-widget elementor-widget-heading\" data-id=\"2452d89\" data-element_type=\"widget\" data-widget_type=\"heading.default\">\n\t\t\t\t<div class=\"elementor-widget-container\">\n\t\t\t<style>\/*! elementor - v3.12.1 - 02-04-2023 *\/\n.elementor-heading-title{padding:0;margin:0;line-height:1}.elementor-widget-heading .elementor-heading-title[class*=elementor-size-]>a{color:inherit;font-size:inherit;line-height:inherit}.elementor-widget-heading .elementor-heading-title.elementor-size-small{font-size:15px}.elementor-widget-heading .elementor-heading-title.elementor-size-medium{font-size:19px}.elementor-widget-heading .elementor-heading-title.elementor-size-large{font-size:29px}.elementor-widget-heading .elementor-heading-title.elementor-size-xl{font-size:39px}.elementor-widget-heading .elementor-heading-title.elementor-size-xxl{font-size:59px}<\/style><h3 class=\"elementor-heading-title elementor-size-default\">LNG as A Fuel for Road Transport<\/h3>\t\t<\/div>\n\t\t\t\t<\/div>\n\t\t\t\t\t\t<\/div>\n\t\t\t\t\t<\/div>\n\t\t<\/div>\n\t\t\t\t\t\t\t\t<\/div>\n\t\t\t\t\t<\/div>\n\t\t<\/section>\n\t\t\t\t<section class=\"elementor-section elementor-top-section elementor-element elementor-element-04eb1b9 elementor-section-boxed elementor-section-height-default elementor-section-height-default\" data-id=\"04eb1b9\" data-element_type=\"section\">\n\t\t\t\t\t\t<div class=\"elementor-container elementor-column-gap-thegem\">\n\t\t\t\t\t\t\t<div class=\"elementor-row\">\n\t\t\t\t\t<div class=\"elementor-column elementor-col-100 elementor-top-column elementor-element elementor-element-4ee7f16\" data-id=\"4ee7f16\" data-element_type=\"column\" data-settings=\"{&quot;background_background&quot;:&quot;classic&quot;}\">\n\t\t\t<div class=\"elementor-column-wrap elementor-element-populated\">\n\t\t\t\t\t\t\t<div class=\"elementor-widget-wrap\">\n\t\t\t\t\t\t<div class=\"elementor-element elementor-element-2f69079 elementor-widget__width-initial flex-horizontal-align-default flex-horizontal-align-tablet-default flex-horizontal-align-mobile-default flex-vertical-align-default flex-vertical-align-tablet-default flex-vertical-align-mobile-default elementor-widget elementor-widget-text-editor\" data-id=\"2f69079\" data-element_type=\"widget\" data-widget_type=\"text-editor.default\">\n\t\t\t\t<div class=\"elementor-widget-container\">\n\t\t\t<style>\/*! elementor - v3.12.1 - 02-04-2023 *\/\n.elementor-widget-text-editor.elementor-drop-cap-view-stacked .elementor-drop-cap{background-color:#69727d;color:#fff}.elementor-widget-text-editor.elementor-drop-cap-view-framed .elementor-drop-cap{color:#69727d;border:3px solid;background-color:transparent}.elementor-widget-text-editor:not(.elementor-drop-cap-view-default) .elementor-drop-cap{margin-top:8px}.elementor-widget-text-editor:not(.elementor-drop-cap-view-default) .elementor-drop-cap-letter{width:1em;height:1em}.elementor-widget-text-editor .elementor-drop-cap{float:left;text-align:center;line-height:1;font-size:50px}.elementor-widget-text-editor .elementor-drop-cap-letter{display:inline-block}<\/style>\t\t\t\t\t<div class=\"elementor-text-editor elementor-clearfix\">\n\t\t\t\t<p>Due to its economic and ecological benefits, the use of LNG in heavy-duty transportation is increasing day by day. Being both a good performance and an affordable option has also increased the demand for LNG stations and the LNG station network is increasing. LNG is a competitive alternative for use in long-distance transport as well as for regional distribution and CNG is mostly used for limited city distribution and garbage collection.<\/p>\n<p>Since LNG is a liquid fuel in fact, LNG stations are structurally similar gasoline and diesel stations. Liquid natural gas (LNG) is stored in a cryogenic tank and then pumped directly to the distributor for liquid distribution.<\/p>\n<p><br><\/p>\n<p><b>Equipment found mainly in LNG stations:<\/b><\/p>\n<p><ul><li>Cryogenic storage tank for LNG<\/li><li>Cryogenic immersed centrifugal pump skids<\/li><li>Ambient vaporizer<\/li><li>Dispensers for LNG connected to a payment system<\/li><li>LNG cooling system to deliver cold LNG and eliminate the risk of gas release to the atmosphere.<\/li><li>PLC control system to automate the process which is also equipped with a fast error warning and emergency shutdown (ESD) system.<\/li><\/ul><\/p>\n\n\n\n\n\n<div><br><\/div>\t\t\t\t\t<\/div>\n\t\t\t\t\t\t<\/div>\n\t\t\t\t<\/div>\n\t\t\t\t\t\t<\/div>\n\t\t\t\t\t<\/div>\n\t\t<\/div>\n\t\t\t\t\t\t\t\t<\/div>\n\t\t\t\t\t<\/div>\n\t\t<\/section>\n\t\t\t\t<section class=\"elementor-section elementor-top-section elementor-element elementor-element-5bafeac elementor-section-boxed elementor-section-height-default elementor-section-height-default\" data-id=\"5bafeac\" data-element_type=\"section\">\n\t\t\t\t\t\t<div class=\"elementor-container elementor-column-gap-thegem\">\n\t\t\t\t\t\t\t<div class=\"elementor-row\">\n\t\t\t\t\t<div class=\"elementor-column elementor-col-100 elementor-top-column elementor-element elementor-element-badd939\" data-id=\"badd939\" data-element_type=\"column\">\n\t\t\t<div class=\"elementor-column-wrap elementor-element-populated\">\n\t\t\t\t\t\t\t<div class=\"elementor-widget-wrap\">\n\t\t\t\t\t\t<div class=\"elementor-element elementor-element-695147c flex-horizontal-align-default flex-horizontal-align-tablet-default flex-horizontal-align-mobile-default flex-vertical-align-default flex-vertical-align-tablet-default flex-vertical-align-mobile-default elementor-widget elementor-widget-image\" data-id=\"695147c\" data-element_type=\"widget\" data-widget_type=\"image.default\">\n\t\t\t\t<div class=\"elementor-widget-container\">\n\t\t\t<style>\/*! elementor - v3.12.1 - 02-04-2023 *\/\n.elementor-widget-image{text-align:center}.elementor-widget-image a{display:inline-block}.elementor-widget-image a img[src$=\".svg\"]{width:48px}.elementor-widget-image img{vertical-align:middle;display:inline-block}<\/style>\t\t\t\t\t<div class=\"elementor-image\">\n\t\t\t\t\t\t\t\t\t\t\t\t<img decoding=\"async\" width=\"768\" height=\"480\" src=\"https:\/\/eutechpolska.pl\/wp-content\/uploads\/2025\/07\/lng-dispenser-3-768x480.jpg\" class=\"attachment-medium_large size-medium_large wp-image-29456\" alt=\"\" srcset=\"https:\/\/eutechpolska.pl\/wp-content\/uploads\/2025\/07\/lng-dispenser-3-768x480.jpg 768w, https:\/\/eutechpolska.pl\/wp-content\/uploads\/2025\/07\/lng-dispenser-3-300x188.jpg 300w, https:\/\/eutechpolska.pl\/wp-content\/uploads\/2025\/07\/lng-dispenser-3-1024x640.jpg 1024w, https:\/\/eutechpolska.pl\/wp-content\/uploads\/2025\/07\/lng-dispenser-3-18x12.jpg 18w, https:\/\/eutechpolska.pl\/wp-content\/uploads\/2025\/07\/lng-dispenser-3.jpg 1280w\" sizes=\"(max-width: 768px) 100vw, 768px\" \/>\t\t\t\t\t\t\t\t\t\t\t\t\t\t<\/div>\n\t\t\t\t\t\t<\/div>\n\t\t\t\t<\/div>\n\t\t\t\t\t\t<\/div>\n\t\t\t\t\t<\/div>\n\t\t<\/div>\n\t\t\t\t\t\t\t\t<\/div>\n\t\t\t\t\t<\/div>\n\t\t<\/section>\n\t\t\t\t\t\t\t\t\t<\/div>\n\t\t\t<\/div>\n\t\t\t\t\t<\/div>","protected":false},"excerpt":{"rendered":"<p>LNG jako paliwo w transporcie drogowym Ze wzgl\u0119du na korzy\u015bci ekonomiczne i ekologiczne wykorzystanie LNG w transporcie ci\u0119\u017ckim ro\u015bnie z&#8230;<\/p>","protected":false},"author":2,"featured_media":0,"parent":0,"menu_order":0,"comment_status":"closed","ping_status":"closed","template":"page-fullwidth.php","meta":{"_mi_skip_tracking":false,"_monsterinsights_sitenote_active":false,"_monsterinsights_sitenote_note":"","_monsterinsights_sitenote_category":0},"yoast_head":"<!-- This site is optimized with the Yoast SEO plugin v20.7 - https:\/\/yoast.com\/wordpress\/plugins\/seo\/ -->\n<title>Gotowe\u00a0stacje\u00a0LNG - Eutech Polska<\/title>\n<meta name=\"robots\" content=\"index, follow, max-snippet:-1, max-image-preview:large, max-video-preview:-1\" \/>\n<link rel=\"canonical\" href=\"https:\/\/eutechpolska.pl\/en\/gotowe-stacje-lng\/\" \/>\n<meta property=\"og:locale\" content=\"en_GB\" \/>\n<meta property=\"og:type\" content=\"article\" \/>\n<meta property=\"og:title\" content=\"Gotowe\u00a0stacje\u00a0LNG - Eutech Polska\" \/>\n<meta property=\"og:description\" content=\"LNG jako paliwo w transporcie drogowym Ze wzgl\u0119du na korzy\u015bci ekonomiczne i ekologiczne wykorzystanie LNG w transporcie ci\u0119\u017ckim ro\u015bnie z...\" \/>\n<meta property=\"og:url\" content=\"https:\/\/eutechpolska.pl\/en\/gotowe-stacje-lng\/\" \/>\n<meta property=\"og:site_name\" content=\"Eutech Polska\" \/>\n<meta property=\"article:modified_time\" content=\"2025-07-24T11:04:54+00:00\" \/>\n<meta property=\"og:image\" content=\"https:\/\/eutechpolska.pl\/wp-content\/uploads\/2025\/07\/lng-dispenser-3-768x480.jpg\" \/>\n<meta name=\"twitter:card\" content=\"summary_large_image\" \/>\n<meta name=\"twitter:label1\" content=\"Estimated reading time\" \/>\n\t<meta name=\"twitter:data1\" content=\"2 minutes\" \/>\n<script type=\"application\/ld+json\" class=\"yoast-schema-graph\">{\"@context\":\"https:\/\/schema.org\",\"@graph\":[{\"@type\":\"WebPage\",\"@id\":\"https:\/\/eutechpolska.pl\/gotowe-stacje-lng\/\",\"url\":\"https:\/\/eutechpolska.pl\/gotowe-stacje-lng\/\",\"name\":\"Gotowe\u00a0stacje\u00a0LNG - Eutech Polska\",\"isPartOf\":{\"@id\":\"https:\/\/eutechpolska.pl\/#website\"},\"datePublished\":\"2025-07-21T13:17:15+00:00\",\"dateModified\":\"2025-07-24T11:04:54+00:00\",\"breadcrumb\":{\"@id\":\"https:\/\/eutechpolska.pl\/gotowe-stacje-lng\/#breadcrumb\"},\"inLanguage\":\"en-GB\",\"potentialAction\":[{\"@type\":\"ReadAction\",\"target\":[\"https:\/\/eutechpolska.pl\/gotowe-stacje-lng\/\"]}]},{\"@type\":\"BreadcrumbList\",\"@id\":\"https:\/\/eutechpolska.pl\/gotowe-stacje-lng\/#breadcrumb\",\"itemListElement\":[{\"@type\":\"ListItem\",\"position\":1,\"name\":\"Home\",\"item\":\"https:\/\/eutechpolska.pl\/\"},{\"@type\":\"ListItem\",\"position\":2,\"name\":\"Gotowe\u00a0stacje\u00a0LNG\"}]},{\"@type\":\"WebSite\",\"@id\":\"https:\/\/eutechpolska.pl\/#website\",\"url\":\"https:\/\/eutechpolska.pl\/\",\"name\":\"Eutech Polska\",\"description\":\"Intelligent Future\",\"publisher\":{\"@id\":\"https:\/\/eutechpolska.pl\/#organization\"},\"potentialAction\":[{\"@type\":\"SearchAction\",\"target\":{\"@type\":\"EntryPoint\",\"urlTemplate\":\"https:\/\/eutechpolska.pl\/?s={search_term_string}\"},\"query-input\":\"required name=search_term_string\"}],\"inLanguage\":\"en-GB\"},{\"@type\":\"Organization\",\"@id\":\"https:\/\/eutechpolska.pl\/#organization\",\"name\":\"Eutech Polska\",\"url\":\"https:\/\/eutechpolska.pl\/\",\"logo\":{\"@type\":\"ImageObject\",\"inLanguage\":\"en-GB\",\"@id\":\"https:\/\/eutechpolska.pl\/#\/schema\/logo\/image\/\",\"url\":\"https:\/\/eutechpolska.pl\/wp-content\/uploads\/2023\/04\/eutech-logo.png\",\"contentUrl\":\"https:\/\/eutechpolska.pl\/wp-content\/uploads\/2023\/04\/eutech-logo.png\",\"width\":328,\"height\":125,\"caption\":\"Eutech Polska\"},\"image\":{\"@id\":\"https:\/\/eutechpolska.pl\/#\/schema\/logo\/image\/\"},\"sameAs\":[\"https:\/\/www.instagram.com\/eutech.com.tr\/\",\"https:\/\/www.linkedin.com\/company\/eutech-intelligent-future\/\"]}]}<\/script>\n<!-- \/ Yoast SEO plugin. -->","yoast_head_json":{"title":"Gotowe\u00a0stacje\u00a0LNG - Eutech Polska","robots":{"index":"index","follow":"follow","max-snippet":"max-snippet:-1","max-image-preview":"max-image-preview:large","max-video-preview":"max-video-preview:-1"},"canonical":"https:\/\/eutechpolska.pl\/en\/gotowe-stacje-lng\/","og_locale":"en_GB","og_type":"article","og_title":"Gotowe\u00a0stacje\u00a0LNG - Eutech Polska","og_description":"LNG jako paliwo w transporcie drogowym Ze wzgl\u0119du na korzy\u015bci ekonomiczne i ekologiczne wykorzystanie LNG w transporcie ci\u0119\u017ckim ro\u015bnie z...","og_url":"https:\/\/eutechpolska.pl\/en\/gotowe-stacje-lng\/","og_site_name":"Eutech Polska","article_modified_time":"2025-07-24T11:04:54+00:00","og_image":[{"url":"https:\/\/eutechpolska.pl\/wp-content\/uploads\/2025\/07\/lng-dispenser-3-768x480.jpg"}],"twitter_card":"summary_large_image","twitter_misc":{"Estimated reading time":"2 minutes"},"schema":{"@context":"https:\/\/schema.org","@graph":[{"@type":"WebPage","@id":"https:\/\/eutechpolska.pl\/gotowe-stacje-lng\/","url":"https:\/\/eutechpolska.pl\/gotowe-stacje-lng\/","name":"Gotowe\u00a0stacje\u00a0LNG - Eutech Polska","isPartOf":{"@id":"https:\/\/eutechpolska.pl\/#website"},"datePublished":"2025-07-21T13:17:15+00:00","dateModified":"2025-07-24T11:04:54+00:00","breadcrumb":{"@id":"https:\/\/eutechpolska.pl\/gotowe-stacje-lng\/#breadcrumb"},"inLanguage":"en-GB","potentialAction":[{"@type":"ReadAction","target":["https:\/\/eutechpolska.pl\/gotowe-stacje-lng\/"]}]},{"@type":"BreadcrumbList","@id":"https:\/\/eutechpolska.pl\/gotowe-stacje-lng\/#breadcrumb","itemListElement":[{"@type":"ListItem","position":1,"name":"Home","item":"https:\/\/eutechpolska.pl\/"},{"@type":"ListItem","position":2,"name":"Gotowe\u00a0stacje\u00a0LNG"}]},{"@type":"WebSite","@id":"https:\/\/eutechpolska.pl\/#website","url":"https:\/\/eutechpolska.pl\/","name":"Eutech Polska","description":"Intelligent Future","publisher":{"@id":"https:\/\/eutechpolska.pl\/#organization"},"potentialAction":[{"@type":"SearchAction","target":{"@type":"EntryPoint","urlTemplate":"https:\/\/eutechpolska.pl\/?s={search_term_string}"},"query-input":"required name=search_term_string"}],"inLanguage":"en-GB"},{"@type":"Organization","@id":"https:\/\/eutechpolska.pl\/#organization","name":"Eutech Polska","url":"https:\/\/eutechpolska.pl\/","logo":{"@type":"ImageObject","inLanguage":"en-GB","@id":"https:\/\/eutechpolska.pl\/#\/schema\/logo\/image\/","url":"https:\/\/eutechpolska.pl\/wp-content\/uploads\/2023\/04\/eutech-logo.png","contentUrl":"https:\/\/eutechpolska.pl\/wp-content\/uploads\/2023\/04\/eutech-logo.png","width":328,"height":125,"caption":"Eutech Polska"},"image":{"@id":"https:\/\/eutechpolska.pl\/#\/schema\/logo\/image\/"},"sameAs":["https:\/\/www.instagram.com\/eutech.com.tr\/","https:\/\/www.linkedin.com\/company\/eutech-intelligent-future\/"]}]}},"_links":{"self":[{"href":"https:\/\/eutechpolska.pl\/en\/wp-json\/wp\/v2\/pages\/29347"}],"collection":[{"href":"https:\/\/eutechpolska.pl\/en\/wp-json\/wp\/v2\/pages"}],"about":[{"href":"https:\/\/eutechpolska.pl\/en\/wp-json\/wp\/v2\/types\/page"}],"author":[{"embeddable":true,"href":"https:\/\/eutechpolska.pl\/en\/wp-json\/wp\/v2\/users\/2"}],"replies":[{"embeddable":true,"href":"https:\/\/eutechpolska.pl\/en\/wp-json\/wp\/v2\/comments?post=29347"}],"version-history":[{"count":8,"href":"https:\/\/eutechpolska.pl\/en\/wp-json\/wp\/v2\/pages\/29347\/revisions"}],"predecessor-version":[{"id":29799,"href":"https:\/\/eutechpolska.pl\/en\/wp-json\/wp\/v2\/pages\/29347\/revisions\/29799"}],"wp:attachment":[{"href":"https:\/\/eutechpolska.pl\/en\/wp-json\/wp\/v2\/media?parent=29347"}],"curies":[{"name":"wp","href":"https:\/\/api.w.org\/{rel}","templated":true}]}}