{"id":25650,"date":"2023-04-12T17:06:09","date_gmt":"2023-04-12T14:06:09","guid":{"rendered":"https:\/\/eutechpolska.pl\/?page_id=25650"},"modified":"2025-07-28T13:49:21","modified_gmt":"2025-07-28T10:49:21","slug":"certyfikat","status":"publish","type":"page","link":"https:\/\/eutechpolska.pl\/en\/kurumsal\/certyfikat\/","title":{"rendered":"Certificates"},"content":{"rendered":"<div data-elementor-type=\"wp-page\" data-elementor-id=\"25650\" class=\"elementor elementor-25650\">\n\t\t\t\t\t\t<div class=\"elementor-inner\">\n\t\t\t\t<div class=\"elementor-section-wrap\">\n\t\t\t\t\t\t\t\t\t<section class=\"elementor-section elementor-top-section elementor-element elementor-element-cd67bdb elementor-section-boxed elementor-section-height-default elementor-section-height-default\" data-id=\"cd67bdb\" data-element_type=\"section\">\n\t\t\t\t\t\t<div class=\"elementor-container elementor-column-gap-thegem\">\n\t\t\t\t\t\t\t<div class=\"elementor-row\">\n\t\t\t\t\t<div class=\"elementor-column elementor-col-100 elementor-top-column elementor-element elementor-element-9f9977e\" data-id=\"9f9977e\" data-element_type=\"column\">\n\t\t\t<div class=\"elementor-column-wrap elementor-element-populated\">\n\t\t\t\t\t\t\t<div class=\"elementor-widget-wrap\">\n\t\t\t\t\t\t<div class=\"elementor-element elementor-element-0302c2c gallery-spacing-custom flex-horizontal-align-default flex-horizontal-align-tablet-default flex-horizontal-align-mobile-default flex-vertical-align-default flex-vertical-align-tablet-default flex-vertical-align-mobile-default elementor-widget elementor-widget-image-gallery\" data-id=\"0302c2c\" data-element_type=\"widget\" data-settings=\"{&quot;_animation&quot;:&quot;none&quot;}\" data-widget_type=\"image-gallery.default\">\n\t\t\t\t<div class=\"elementor-widget-container\">\n\t\t\t<style>\/*! elementor - v3.12.1 - 02-04-2023 *\/\n.elementor-image-gallery .gallery-item{display:inline-block;text-align:center;vertical-align:top;width:100%;max-width:100%;margin:0 auto}.elementor-image-gallery .gallery-item img{margin:0 auto}.elementor-image-gallery .gallery-item .gallery-caption{margin:0}.elementor-image-gallery figure img{display:block}.elementor-image-gallery figure figcaption{width:100%}.gallery-spacing-custom .elementor-image-gallery .gallery-icon{padding:0}@media (min-width:768px){.elementor-image-gallery .gallery-columns-2 .gallery-item{max-width:50%}.elementor-image-gallery .gallery-columns-3 .gallery-item{max-width:33.33%}.elementor-image-gallery .gallery-columns-4 .gallery-item{max-width:25%}.elementor-image-gallery .gallery-columns-5 .gallery-item{max-width:20%}.elementor-image-gallery .gallery-columns-6 .gallery-item{max-width:16.666%}.elementor-image-gallery .gallery-columns-7 .gallery-item{max-width:14.28%}.elementor-image-gallery .gallery-columns-8 .gallery-item{max-width:12.5%}.elementor-image-gallery .gallery-columns-9 .gallery-item{max-width:11.11%}.elementor-image-gallery .gallery-columns-10 .gallery-item{max-width:10%}}@media (min-width:480px) and (max-width:767px){.elementor-image-gallery .gallery.gallery-columns-2 .gallery-item,.elementor-image-gallery .gallery.gallery-columns-3 .gallery-item,.elementor-image-gallery .gallery.gallery-columns-4 .gallery-item,.elementor-image-gallery .gallery.gallery-columns-5 .gallery-item,.elementor-image-gallery .gallery.gallery-columns-6 .gallery-item,.elementor-image-gallery .gallery.gallery-columns-7 .gallery-item,.elementor-image-gallery .gallery.gallery-columns-8 .gallery-item,.elementor-image-gallery .gallery.gallery-columns-9 .gallery-item,.elementor-image-gallery .gallery.gallery-columns-10 .gallery-item{max-width:50%}}@media (max-width:479px){.elementor-image-gallery .gallery.gallery-columns-2 .gallery-item,.elementor-image-gallery .gallery.gallery-columns-3 .gallery-item,.elementor-image-gallery .gallery.gallery-columns-4 .gallery-item,.elementor-image-gallery .gallery.gallery-columns-5 .gallery-item,.elementor-image-gallery .gallery.gallery-columns-6 .gallery-item,.elementor-image-gallery .gallery.gallery-columns-7 .gallery-item,.elementor-image-gallery .gallery.gallery-columns-8 .gallery-item,.elementor-image-gallery .gallery.gallery-columns-9 .gallery-item,.elementor-image-gallery .gallery.gallery-columns-10 .gallery-item{max-width:100%}}<\/style>\t\t<div class=\"elementor-image-gallery\">\n\t\t\t<div id='gallery-1' class='gallery galleryid-25650 gallery-columns-2 gallery-size-medium'><figure class='gallery-item'>\n\t\t\t<div class='gallery-icon landscape'>\n\t\t\t\t<a data-elementor-open-lightbox=\"yes\" data-elementor-lightbox-slideshow=\"0302c2c\" data-elementor-lightbox-title=\"epdksertifika\" data-e-action-hash=\"#elementor-action%3Aaction%3Dlightbox%26settings%3DeyJpZCI6Mjc0OTcsInVybCI6Imh0dHBzOlwvXC9ldXRlY2hwb2xza2EucGxcL3dwLWNvbnRlbnRcL3VwbG9hZHNcLzIwMjNcLzA0XC9lcGRrc2VydGlmaWthLmpwZyIsInNsaWRlc2hvdyI6IjAzMDJjMmMifQ%3D%3D\" href='https:\/\/eutechpolska.pl\/wp-content\/uploads\/2023\/04\/epdksertifika.jpg'><img width=\"300\" height=\"218\" src=\"https:\/\/eutechpolska.pl\/wp-content\/uploads\/2023\/04\/epdksertifika-300x218.jpg\" class=\"attachment-medium size-medium\" alt=\"\" decoding=\"async\" aria-describedby=\"gallery-1-27497\" srcset=\"https:\/\/eutechpolska.pl\/wp-content\/uploads\/2023\/04\/epdksertifika-300x218.jpg 300w, https:\/\/eutechpolska.pl\/wp-content\/uploads\/2023\/04\/epdksertifika-1024x743.jpg 1024w, https:\/\/eutechpolska.pl\/wp-content\/uploads\/2023\/04\/epdksertifika-768x557.jpg 768w, https:\/\/eutechpolska.pl\/wp-content\/uploads\/2023\/04\/epdksertifika.jpg 1357w\" sizes=\"(max-width: 300px) 100vw, 300px\" \/><\/a>\n\t\t\t<\/div>\n\t\t\t\t<figcaption class='wp-caption-text gallery-caption' id='gallery-1-27497'>\n\t\t\t\tEnerji Piyasas\u0131 D\u00fczenleme Kurumu Yap\u0131m ve Hizmet Sertifikas\u0131\n\t\t\t\t<\/figcaption><\/figure><figure class='gallery-item'>\n\t\t\t<div class='gallery-icon landscape'>\n\t\t\t\t<a data-elementor-open-lightbox=\"yes\" data-elementor-lightbox-slideshow=\"0302c2c\" data-elementor-lightbox-title=\"otomasyonsertifikas\u0131\" data-e-action-hash=\"#elementor-action%3Aaction%3Dlightbox%26settings%3DeyJpZCI6Mjc0OTgsInVybCI6Imh0dHBzOlwvXC9ldXRlY2hwb2xza2EucGxcL3dwLWNvbnRlbnRcL3VwbG9hZHNcLzIwMjNcLzA0XC9vdG9tYXN5b25zZXJ0aWZpa2FzaS5qcGciLCJzbGlkZXNob3ciOiIwMzAyYzJjIn0%3D\" href='https:\/\/eutechpolska.pl\/wp-content\/uploads\/2023\/04\/otomasyonsertifikasi.jpg'><img width=\"300\" height=\"218\" src=\"https:\/\/eutechpolska.pl\/wp-content\/uploads\/2023\/04\/otomasyonsertifikasi-300x218.jpg\" class=\"attachment-medium size-medium\" alt=\"\" decoding=\"async\" aria-describedby=\"gallery-1-27498\" srcset=\"https:\/\/eutechpolska.pl\/wp-content\/uploads\/2023\/04\/otomasyonsertifikasi-300x218.jpg 300w, https:\/\/eutechpolska.pl\/wp-content\/uploads\/2023\/04\/otomasyonsertifikasi-1024x743.jpg 1024w, https:\/\/eutechpolska.pl\/wp-content\/uploads\/2023\/04\/otomasyonsertifikasi-768x557.jpg 768w, https:\/\/eutechpolska.pl\/wp-content\/uploads\/2023\/04\/otomasyonsertifikasi.jpg 1357w\" sizes=\"(max-width: 300px) 100vw, 300px\" \/><\/a>\n\t\t\t<\/div>\n\t\t\t\t<figcaption class='wp-caption-text gallery-caption' id='gallery-1-27498'>\n\t\t\t\tCertified EcoXpert Partner\n\t\t\t\t<\/figcaption><\/figure><figure class='gallery-item'>\n\t\t\t<div class='gallery-icon portrait'>\n\t\t\t\t<a data-elementor-open-lightbox=\"yes\" data-elementor-lightbox-slideshow=\"0302c2c\" data-elementor-lightbox-title=\"ISO\" data-e-action-hash=\"#elementor-action%3Aaction%3Dlightbox%26settings%3DeyJpZCI6MjkxNjgsInVybCI6Imh0dHBzOlwvXC9ldXRlY2hwb2xza2EucGxcL3dwLWNvbnRlbnRcL3VwbG9hZHNcLzIwMjVcLzA0XC9JU08uanBnIiwic2xpZGVzaG93IjoiMDMwMmMyYyJ9\" href='https:\/\/eutechpolska.pl\/wp-content\/uploads\/2025\/04\/ISO.jpg'><img width=\"210\" height=\"300\" src=\"https:\/\/eutechpolska.pl\/wp-content\/uploads\/2025\/04\/ISO-210x300.jpg\" class=\"attachment-medium size-medium\" alt=\"\" decoding=\"async\" srcset=\"https:\/\/eutechpolska.pl\/wp-content\/uploads\/2025\/04\/ISO-210x300.jpg 210w, https:\/\/eutechpolska.pl\/wp-content\/uploads\/2025\/04\/ISO-8x12.jpg 8w, https:\/\/eutechpolska.pl\/wp-content\/uploads\/2025\/04\/ISO.jpg 588w\" sizes=\"(max-width: 210px) 100vw, 210px\" \/><\/a>\n\t\t\t<\/div><\/figure><figure class='gallery-item'>\n\t\t\t<div class='gallery-icon portrait'>\n\t\t\t\t<a data-elementor-open-lightbox=\"yes\" data-elementor-lightbox-slideshow=\"0302c2c\" data-elementor-lightbox-title=\"Uestco\" data-e-action-hash=\"#elementor-action%3Aaction%3Dlightbox%26settings%3DeyJpZCI6Mjk5NDAsInVybCI6Imh0dHBzOlwvXC9ldXRlY2hwb2xza2EucGxcL3dwLWNvbnRlbnRcL3VwbG9hZHNcLzIwMjVcLzA3XC9VZXN0Y28uanBnIiwic2xpZGVzaG93IjoiMDMwMmMyYyJ9\" href='https:\/\/eutechpolska.pl\/wp-content\/uploads\/2025\/07\/Uestco.jpg'><img width=\"212\" height=\"300\" src=\"https:\/\/eutechpolska.pl\/wp-content\/uploads\/2025\/07\/Uestco-212x300.jpg\" class=\"attachment-medium size-medium\" alt=\"\" decoding=\"async\" srcset=\"https:\/\/eutechpolska.pl\/wp-content\/uploads\/2025\/07\/Uestco-212x300.jpg 212w, https:\/\/eutechpolska.pl\/wp-content\/uploads\/2025\/07\/Uestco-724x1024.jpg 724w, https:\/\/eutechpolska.pl\/wp-content\/uploads\/2025\/07\/Uestco-768x1086.jpg 768w, https:\/\/eutechpolska.pl\/wp-content\/uploads\/2025\/07\/Uestco-8x12.jpg 8w, https:\/\/eutechpolska.pl\/wp-content\/uploads\/2025\/07\/Uestco.jpg 849w\" sizes=\"(max-width: 212px) 100vw, 212px\" \/><\/a>\n\t\t\t<\/div><\/figure>\n\t\t<\/div>\n\t\t<\/div>\n\t\t\t\t<\/div>\n\t\t\t\t<\/div>\n\t\t\t\t\t\t<\/div>\n\t\t\t\t\t<\/div>\n\t\t<\/div>\n\t\t\t\t\t\t\t\t<\/div>\n\t\t\t\t\t<\/div>\n\t\t<\/section>\n\t\t\t\t\t\t\t\t\t<\/div>\n\t\t\t<\/div>\n\t\t\t\t\t<\/div>","protected":false},"excerpt":{"rendered":"<p>Enerji Piyasas\u0131 D\u00fczenleme Kurumu Yap\u0131m ve Hizmet Sertifikas\u0131 Certified EcoXpert Partner<\/p>","protected":false},"author":1,"featured_media":0,"parent":24922,"menu_order":2,"comment_status":"closed","ping_status":"closed","template":"page-fullwidth.php","meta":{"_mi_skip_tracking":false,"_monsterinsights_sitenote_active":false,"_monsterinsights_sitenote_note":"","_monsterinsights_sitenote_category":0},"yoast_head":"<!-- This site is optimized with the Yoast SEO plugin v20.7 - https:\/\/yoast.com\/wordpress\/plugins\/seo\/ -->\n<title>Certyfikat - Eutech Polska<\/title>\n<meta name=\"robots\" content=\"index, follow, max-snippet:-1, max-image-preview:large, max-video-preview:-1\" \/>\n<link rel=\"canonical\" href=\"https:\/\/eutechpolska.pl\/en\/kurumsal\/certyfikat\/\" \/>\n<meta property=\"og:locale\" content=\"en_GB\" \/>\n<meta property=\"og:type\" content=\"article\" \/>\n<meta property=\"og:title\" content=\"Certyfikat - Eutech Polska\" \/>\n<meta property=\"og:description\" content=\"Enerji Piyasas\u0131 D\u00fczenleme Kurumu Yap\u0131m ve Hizmet Sertifikas\u0131 Certified EcoXpert Partner\" \/>\n<meta property=\"og:url\" content=\"https:\/\/eutechpolska.pl\/en\/kurumsal\/certyfikat\/\" \/>\n<meta property=\"og:site_name\" content=\"Eutech Polska\" \/>\n<meta property=\"article:modified_time\" content=\"2025-07-28T10:49:21+00:00\" \/>\n<meta property=\"og:image\" content=\"https:\/\/eutechpolska.pl\/wp-content\/uploads\/2023\/04\/epdksertifika-300x218.jpg\" \/>\n<meta name=\"twitter:card\" content=\"summary_large_image\" \/>\n<meta name=\"twitter:label1\" content=\"Estimated reading time\" \/>\n\t<meta name=\"twitter:data1\" content=\"1 minute\" \/>\n<script type=\"application\/ld+json\" class=\"yoast-schema-graph\">{\"@context\":\"https:\/\/schema.org\",\"@graph\":[{\"@type\":\"WebPage\",\"@id\":\"https:\/\/eutechpolska.pl\/kurumsal\/certyfikat\/\",\"url\":\"https:\/\/eutechpolska.pl\/kurumsal\/certyfikat\/\",\"name\":\"Certyfikat - Eutech Polska\",\"isPartOf\":{\"@id\":\"https:\/\/eutechpolska.pl\/#website\"},\"datePublished\":\"2023-04-12T14:06:09+00:00\",\"dateModified\":\"2025-07-28T10:49:21+00:00\",\"breadcrumb\":{\"@id\":\"https:\/\/eutechpolska.pl\/kurumsal\/certyfikat\/#breadcrumb\"},\"inLanguage\":\"en-GB\",\"potentialAction\":[{\"@type\":\"ReadAction\",\"target\":[\"https:\/\/eutechpolska.pl\/kurumsal\/certyfikat\/\"]}]},{\"@type\":\"BreadcrumbList\",\"@id\":\"https:\/\/eutechpolska.pl\/kurumsal\/certyfikat\/#breadcrumb\",\"itemListElement\":[{\"@type\":\"ListItem\",\"position\":1,\"name\":\"Home\",\"item\":\"https:\/\/eutechpolska.pl\/\"},{\"@type\":\"ListItem\",\"position\":2,\"name\":\"ZBIOROWY\",\"item\":\"https:\/\/eutechpolska.pl\/kurumsal\/\"},{\"@type\":\"ListItem\",\"position\":3,\"name\":\"Certyfikat\"}]},{\"@type\":\"WebSite\",\"@id\":\"https:\/\/eutechpolska.pl\/#website\",\"url\":\"https:\/\/eutechpolska.pl\/\",\"name\":\"Eutech Polska\",\"description\":\"Intelligent Future\",\"publisher\":{\"@id\":\"https:\/\/eutechpolska.pl\/#organization\"},\"potentialAction\":[{\"@type\":\"SearchAction\",\"target\":{\"@type\":\"EntryPoint\",\"urlTemplate\":\"https:\/\/eutechpolska.pl\/?s={search_term_string}\"},\"query-input\":\"required name=search_term_string\"}],\"inLanguage\":\"en-GB\"},{\"@type\":\"Organization\",\"@id\":\"https:\/\/eutechpolska.pl\/#organization\",\"name\":\"Eutech Polska\",\"url\":\"https:\/\/eutechpolska.pl\/\",\"logo\":{\"@type\":\"ImageObject\",\"inLanguage\":\"en-GB\",\"@id\":\"https:\/\/eutechpolska.pl\/#\/schema\/logo\/image\/\",\"url\":\"https:\/\/eutechpolska.pl\/wp-content\/uploads\/2023\/04\/eutech-logo.png\",\"contentUrl\":\"https:\/\/eutechpolska.pl\/wp-content\/uploads\/2023\/04\/eutech-logo.png\",\"width\":328,\"height\":125,\"caption\":\"Eutech Polska\"},\"image\":{\"@id\":\"https:\/\/eutechpolska.pl\/#\/schema\/logo\/image\/\"},\"sameAs\":[\"https:\/\/www.instagram.com\/eutech.com.tr\/\",\"https:\/\/www.linkedin.com\/company\/eutech-intelligent-future\/\"]}]}<\/script>\n<!-- \/ Yoast SEO plugin. -->","yoast_head_json":{"title":"Certyfikat - Eutech Polska","robots":{"index":"index","follow":"follow","max-snippet":"max-snippet:-1","max-image-preview":"max-image-preview:large","max-video-preview":"max-video-preview:-1"},"canonical":"https:\/\/eutechpolska.pl\/en\/kurumsal\/certyfikat\/","og_locale":"en_GB","og_type":"article","og_title":"Certyfikat - Eutech Polska","og_description":"Enerji Piyasas\u0131 D\u00fczenleme Kurumu Yap\u0131m ve Hizmet Sertifikas\u0131 Certified EcoXpert Partner","og_url":"https:\/\/eutechpolska.pl\/en\/kurumsal\/certyfikat\/","og_site_name":"Eutech Polska","article_modified_time":"2025-07-28T10:49:21+00:00","og_image":[{"url":"https:\/\/eutechpolska.pl\/wp-content\/uploads\/2023\/04\/epdksertifika-300x218.jpg"}],"twitter_card":"summary_large_image","twitter_misc":{"Estimated reading time":"1 minute"},"schema":{"@context":"https:\/\/schema.org","@graph":[{"@type":"WebPage","@id":"https:\/\/eutechpolska.pl\/kurumsal\/certyfikat\/","url":"https:\/\/eutechpolska.pl\/kurumsal\/certyfikat\/","name":"Certyfikat - Eutech Polska","isPartOf":{"@id":"https:\/\/eutechpolska.pl\/#website"},"datePublished":"2023-04-12T14:06:09+00:00","dateModified":"2025-07-28T10:49:21+00:00","breadcrumb":{"@id":"https:\/\/eutechpolska.pl\/kurumsal\/certyfikat\/#breadcrumb"},"inLanguage":"en-GB","potentialAction":[{"@type":"ReadAction","target":["https:\/\/eutechpolska.pl\/kurumsal\/certyfikat\/"]}]},{"@type":"BreadcrumbList","@id":"https:\/\/eutechpolska.pl\/kurumsal\/certyfikat\/#breadcrumb","itemListElement":[{"@type":"ListItem","position":1,"name":"Home","item":"https:\/\/eutechpolska.pl\/"},{"@type":"ListItem","position":2,"name":"ZBIOROWY","item":"https:\/\/eutechpolska.pl\/kurumsal\/"},{"@type":"ListItem","position":3,"name":"Certyfikat"}]},{"@type":"WebSite","@id":"https:\/\/eutechpolska.pl\/#website","url":"https:\/\/eutechpolska.pl\/","name":"Eutech Polska","description":"Intelligent Future","publisher":{"@id":"https:\/\/eutechpolska.pl\/#organization"},"potentialAction":[{"@type":"SearchAction","target":{"@type":"EntryPoint","urlTemplate":"https:\/\/eutechpolska.pl\/?s={search_term_string}"},"query-input":"required name=search_term_string"}],"inLanguage":"en-GB"},{"@type":"Organization","@id":"https:\/\/eutechpolska.pl\/#organization","name":"Eutech Polska","url":"https:\/\/eutechpolska.pl\/","logo":{"@type":"ImageObject","inLanguage":"en-GB","@id":"https:\/\/eutechpolska.pl\/#\/schema\/logo\/image\/","url":"https:\/\/eutechpolska.pl\/wp-content\/uploads\/2023\/04\/eutech-logo.png","contentUrl":"https:\/\/eutechpolska.pl\/wp-content\/uploads\/2023\/04\/eutech-logo.png","width":328,"height":125,"caption":"Eutech Polska"},"image":{"@id":"https:\/\/eutechpolska.pl\/#\/schema\/logo\/image\/"},"sameAs":["https:\/\/www.instagram.com\/eutech.com.tr\/","https:\/\/www.linkedin.com\/company\/eutech-intelligent-future\/"]}]}},"_links":{"self":[{"href":"https:\/\/eutechpolska.pl\/en\/wp-json\/wp\/v2\/pages\/25650"}],"collection":[{"href":"https:\/\/eutechpolska.pl\/en\/wp-json\/wp\/v2\/pages"}],"about":[{"href":"https:\/\/eutechpolska.pl\/en\/wp-json\/wp\/v2\/types\/page"}],"author":[{"embeddable":true,"href":"https:\/\/eutechpolska.pl\/en\/wp-json\/wp\/v2\/users\/1"}],"replies":[{"embeddable":true,"href":"https:\/\/eutechpolska.pl\/en\/wp-json\/wp\/v2\/comments?post=25650"}],"version-history":[{"count":9,"href":"https:\/\/eutechpolska.pl\/en\/wp-json\/wp\/v2\/pages\/25650\/revisions"}],"predecessor-version":[{"id":29943,"href":"https:\/\/eutechpolska.pl\/en\/wp-json\/wp\/v2\/pages\/25650\/revisions\/29943"}],"up":[{"embeddable":true,"href":"https:\/\/eutechpolska.pl\/en\/wp-json\/wp\/v2\/pages\/24922"}],"wp:attachment":[{"href":"https:\/\/eutechpolska.pl\/en\/wp-json\/wp\/v2\/media?parent=25650"}],"curies":[{"name":"wp","href":"https:\/\/api.w.org\/{rel}","templated":true}]}}