{"id":25541,"date":"2023-04-12T14:57:18","date_gmt":"2023-04-12T11:57:18","guid":{"rendered":"https:\/\/eutechpolska.pl\/?page_id=25541"},"modified":"2023-05-29T19:16:55","modified_gmt":"2023-05-29T16:16:55","slug":"zasoby-ludzkie","status":"publish","type":"page","link":"https:\/\/eutechpolska.pl\/en\/kurumsal\/zasoby-ludzkie\/","title":{"rendered":"Human Resources"},"content":{"rendered":"<div data-elementor-type=\"wp-page\" data-elementor-id=\"25541\" class=\"elementor elementor-25541\">\n\t\t\t\t\t\t<div class=\"elementor-inner\">\n\t\t\t\t<div class=\"elementor-section-wrap\">\n\t\t\t\t\t\t\t\t\t<section class=\"elementor-section elementor-top-section elementor-element elementor-element-b9c777c elementor-section-full_width elementor-section-height-default elementor-section-height-default\" data-id=\"b9c777c\" data-element_type=\"section\" data-settings=\"{&quot;thegem_parallax_activate&quot;:&quot;yes&quot;,&quot;thegem_parallax_type&quot;:&quot;vertical&quot;}\">\n\t\t\t\t\t\t\t<div class=\"elementor-background-overlay\"><\/div>\n\t\t\t\t\t\t\t<div class=\"elementor-container elementor-column-gap-no\">\n\t\t\t\t\t\t\t<div class=\"elementor-row\">\n\t\t\t\t\t<div class=\"elementor-column elementor-col-100 elementor-top-column elementor-element elementor-element-367621c\" data-id=\"367621c\" data-element_type=\"column\">\n\t\t\t<div class=\"elementor-column-wrap elementor-element-populated\">\n\t\t\t\t\t\t\t<div class=\"elementor-widget-wrap\">\n\t\t\t\t\t\t<section class=\"elementor-section elementor-inner-section elementor-element elementor-element-b5d6907 animated-slow elementor-section-boxed elementor-section-height-default elementor-section-height-default elementor-invisible\" data-id=\"b5d6907\" data-element_type=\"section\" data-settings=\"{&quot;animation&quot;:&quot;fadeInUp&quot;}\">\n\t\t\t\t\t\t<div class=\"elementor-container elementor-column-gap-thegem\">\n\t\t\t\t\t\t\t<div class=\"elementor-row\">\n\t\t\t\t\t<div class=\"elementor-column elementor-col-100 elementor-inner-column elementor-element elementor-element-8861401\" data-id=\"8861401\" data-element_type=\"column\">\n\t\t\t<div class=\"elementor-column-wrap elementor-element-populated\">\n\t\t\t\t\t\t\t<div class=\"elementor-widget-wrap\">\n\t\t\t\t\t\t<div class=\"elementor-element elementor-element-df4b31c flex-horizontal-align-default flex-horizontal-align-tablet-default flex-horizontal-align-mobile-default flex-vertical-align-default flex-vertical-align-tablet-default flex-vertical-align-mobile-default elementor-widget elementor-widget-heading\" data-id=\"df4b31c\" data-element_type=\"widget\" data-widget_type=\"heading.default\">\n\t\t\t\t<div class=\"elementor-widget-container\">\n\t\t\t<style>\/*! elementor - v3.12.1 - 02-04-2023 *\/\n.elementor-heading-title{padding:0;margin:0;line-height:1}.elementor-widget-heading .elementor-heading-title[class*=elementor-size-]>a{color:inherit;font-size:inherit;line-height:inherit}.elementor-widget-heading .elementor-heading-title.elementor-size-small{font-size:15px}.elementor-widget-heading .elementor-heading-title.elementor-size-medium{font-size:19px}.elementor-widget-heading .elementor-heading-title.elementor-size-large{font-size:29px}.elementor-widget-heading .elementor-heading-title.elementor-size-xl{font-size:39px}.elementor-widget-heading .elementor-heading-title.elementor-size-xxl{font-size:59px}<\/style><div class=\"title-h2 elementor-heading-title elementor-size-default\">WOULD YOU LIKE TO WORK WITH US?<\/div>\t\t<\/div>\n\t\t\t\t<\/div>\n\t\t\t\t<div class=\"elementor-element elementor-element-e5d02f6 flex-horizontal-align-default flex-horizontal-align-tablet-default flex-horizontal-align-mobile-default flex-vertical-align-default flex-vertical-align-tablet-default flex-vertical-align-mobile-default elementor-widget elementor-widget-heading\" data-id=\"e5d02f6\" data-element_type=\"widget\" data-widget_type=\"heading.default\">\n\t\t\t\t<div class=\"elementor-widget-container\">\n\t\t\t<div class=\"styled-subtitle elementor-heading-title elementor-size-medium\">For all job openings and career opportunities at Eutech, please send your CV.\n<\/div>\t\t<\/div>\n\t\t\t\t<\/div>\n\t\t\t\t\t\t<\/div>\n\t\t\t\t\t<\/div>\n\t\t<\/div>\n\t\t\t\t\t\t\t\t<\/div>\n\t\t\t\t\t<\/div>\n\t\t<\/section>\n\t\t\t\t\t\t<\/div>\n\t\t\t\t\t<\/div>\n\t\t<\/div>\n\t\t\t\t\t\t\t\t<\/div>\n\t\t\t\t\t<\/div>\n\t\t<\/section>\n\t\t\t\t<section class=\"elementor-section elementor-top-section elementor-element elementor-element-6e57a956 elementor-section-boxed elementor-section-height-default elementor-section-height-default\" data-id=\"6e57a956\" data-element_type=\"section\" id=\"contact\" data-settings=\"{&quot;background_background&quot;:&quot;classic&quot;}\">\n\t\t\t\t\t\t<div class=\"elementor-container elementor-column-gap-thegem\">\n\t\t\t\t\t\t\t<div class=\"elementor-row\">\n\t\t\t\t\t<div class=\"elementor-column elementor-col-100 elementor-top-column elementor-element elementor-element-72763b87\" data-id=\"72763b87\" data-element_type=\"column\">\n\t\t\t<div class=\"elementor-column-wrap elementor-element-populated\">\n\t\t\t\t\t\t\t<div class=\"elementor-widget-wrap\">\n\t\t\t\t\t\t<div class=\"elementor-element elementor-element-2f046b1f flex-horizontal-align-default flex-horizontal-align-tablet-default flex-horizontal-align-mobile-default flex-vertical-align-default flex-vertical-align-tablet-default flex-vertical-align-mobile-default elementor-widget elementor-widget-heading\" data-id=\"2f046b1f\" data-element_type=\"widget\" data-widget_type=\"heading.default\">\n\t\t\t\t<div class=\"elementor-widget-container\">\n\t\t\t<div class=\"title-h2 elementor-heading-title elementor-size-default\">Contact Us<\/div>\t\t<\/div>\n\t\t\t\t<\/div>\n\t\t\t\t<div class=\"elementor-element elementor-element-1bc5a726 flex-horizontal-align-default flex-horizontal-align-tablet-default flex-horizontal-align-mobile-default flex-vertical-align-default flex-vertical-align-tablet-default flex-vertical-align-mobile-default elementor-widget elementor-widget-thegem-contact-form7\" data-id=\"1bc5a726\" data-element_type=\"widget\" data-settings=\"{&quot;thegem_elementor_preset&quot;:&quot;default&quot;}\" data-widget_type=\"thegem-contact-form7.default\">\n\t\t\t\t<div class=\"elementor-widget-container\">\n\t\t\t\n<div class=\"wpcf7 no-js\" id=\"wpcf7-f24422-o1\" lang=\"en-US\" dir=\"ltr\">\n<div class=\"screen-reader-response\"><p role=\"status\" aria-live=\"polite\" aria-atomic=\"true\"><\/p> <ul><\/ul><\/div>\n<form action=\"\/en\/wp-json\/wp\/v2\/pages\/25541#wpcf7-f24422-o1\" method=\"post\" class=\"wpcf7-form init thegem-cf7 form-1bc5a726 label-top\" aria-label=\"Contact form\" enctype=\"multipart\/form-data\" novalidate=\"novalidate\" data-status=\"init\" data-trp-original-action=\"\/en\/wp-json\/wp\/v2\/pages\/25541#wpcf7-f24422-o1\">\n<div style=\"display: none;\">\n<input type=\"hidden\" name=\"_wpcf7\" value=\"24422\" \/>\n<input type=\"hidden\" name=\"_wpcf7_version\" value=\"5.7.6\" \/>\n<input type=\"hidden\" name=\"_wpcf7_locale\" value=\"en_US\" \/>\n<input type=\"hidden\" name=\"_wpcf7_unit_tag\" value=\"wpcf7-f24422-o1\" \/>\n<input type=\"hidden\" name=\"_wpcf7_container_post\" value=\"0\" \/>\n<input type=\"hidden\" name=\"_wpcf7_posted_data_hash\" value=\"\" \/>\n<\/div>\n<div class=\"form-line col-lg-4 col-md-4 col-xs-12\"><div class=\"gem-form-icon-name\"><span class=\"wpcf7-form-control-wrap\" data-name=\"your-name\"><input size=\"40\" class=\"wpcf7-form-control wpcf7-text wpcf7-validates-as-required\" aria-required=\"true\" aria-invalid=\"false\" placeholder=\"Name*\" value=\"\" type=\"text\" name=\"your-name\" \/><\/span><\/div><\/div>\n\n\t<div class=\"form-line col-lg-4 col-md-4 col-xs-12\"><div class=\"gem-form-icon-email\"><span class=\"wpcf7-form-control-wrap\" data-name=\"your-email\"><input size=\"40\" class=\"wpcf7-form-control wpcf7-text wpcf7-email wpcf7-validates-as-required wpcf7-validates-as-email\" aria-required=\"true\" aria-invalid=\"false\" placeholder=\"Email*\" value=\"\" type=\"email\" name=\"your-email\" \/><\/span><\/div><\/div>\n\n\n\t<div class=\"form-line col-lg-12 col-md-12 col-xs-12\"><span class=\"wpcf7-form-control-wrap\" data-name=\"your-message\"><textarea cols=\"40\" rows=\"10\" class=\"wpcf7-form-control wpcf7-textarea wpcf7-validates-as-required\" aria-required=\"true\" aria-invalid=\"false\" placeholder=\"Message\" name=\"your-message\"><\/textarea><\/span><\/div>\n\n\n\n\t<div class=\"col-lg-12 col-md-12 col-xs-12\"><input class=\"wpcf7-form-control has-spinner wpcf7-submit\" type=\"submit\" value=\"SEND\" \/><\/div>\n\n\n<div class=\"<span\" data-name=\"file-326\"><input size=\"40\" class=\"wpcf7-form-control wpcf7-file\" accept=\".doc,.docx,.xls,.xlsx,.pdf,.ppt\" aria-invalid=\"false\" type=\"file\" name=\"file-326\" \/><\/span><div class=\"row\"> <\/div>\n\n<\/div><div class=\"wpcf7-response-output\" aria-hidden=\"true\"><\/div>\n<input type=\"hidden\" name=\"trp-form-language\" value=\"en\"\/><\/form>\n<\/div>\n\t\t<\/div>\n\t\t\t\t<\/div>\n\t\t\t\t\t\t<\/div>\n\t\t\t\t\t<\/div>\n\t\t<\/div>\n\t\t\t\t\t\t\t\t<\/div>\n\t\t\t\t\t<\/div>\n\t\t<\/section>\n\t\t\t\t<section class=\"elementor-section elementor-top-section elementor-element elementor-element-ea063a4 elementor-section-boxed elementor-section-height-default elementor-section-height-default\" data-id=\"ea063a4\" data-element_type=\"section\">\n\t\t\t\t\t\t<div class=\"elementor-container elementor-column-gap-thegem\">\n\t\t\t\t\t\t\t<div class=\"elementor-row\">\n\t\t\t\t\t<div class=\"elementor-column elementor-col-100 elementor-top-column elementor-element elementor-element-91dd9e3\" data-id=\"91dd9e3\" data-element_type=\"column\">\n\t\t\t<div class=\"elementor-column-wrap elementor-element-populated\">\n\t\t\t\t\t\t\t<div class=\"elementor-widget-wrap\">\n\t\t\t\t\t\t<div class=\"elementor-element elementor-element-d130630 flex-horizontal-align-default flex-horizontal-align-tablet-default flex-horizontal-align-mobile-default flex-vertical-align-default flex-vertical-align-tablet-default flex-vertical-align-mobile-default elementor-widget elementor-widget-spacer\" data-id=\"d130630\" data-element_type=\"widget\" data-widget_type=\"spacer.default\">\n\t\t\t\t<div class=\"elementor-widget-container\">\n\t\t\t<style>\/*! elementor - v3.12.1 - 02-04-2023 *\/\n.elementor-column .elementor-spacer-inner{height:var(--spacer-size)}.e-con{--container-widget-width:100%}.e-con-inner>.elementor-widget-spacer,.e-con>.elementor-widget-spacer{width:var(--container-widget-width,var(--spacer-size));--align-self:var(--container-widget-align-self,initial);--flex-shrink:0}.e-con-inner>.elementor-widget-spacer>.elementor-widget-container,.e-con-inner>.elementor-widget-spacer>.elementor-widget-container>.elementor-spacer,.e-con>.elementor-widget-spacer>.elementor-widget-container,.e-con>.elementor-widget-spacer>.elementor-widget-container>.elementor-spacer{height:100%}.e-con-inner>.elementor-widget-spacer>.elementor-widget-container>.elementor-spacer>.elementor-spacer-inner,.e-con>.elementor-widget-spacer>.elementor-widget-container>.elementor-spacer>.elementor-spacer-inner{height:var(--container-widget-height,var(--spacer-size))}<\/style>\t\t<div class=\"elementor-spacer\">\n\t\t\t<div class=\"elementor-spacer-inner\"><\/div>\n\t\t<\/div>\n\t\t\t\t<\/div>\n\t\t\t\t<\/div>\n\t\t\t\t\t\t<\/div>\n\t\t\t\t\t<\/div>\n\t\t<\/div>\n\t\t\t\t\t\t\t\t<\/div>\n\t\t\t\t\t<\/div>\n\t\t<\/section>\n\t\t\t\t\t\t\t\t\t<\/div>\n\t\t\t<\/div>\n\t\t\t\t\t<\/div>","protected":false},"excerpt":{"rendered":"<p>CHCIA\u0141BY\u015a Z NAMI PRACOWA\u0106? W sprawach zwi\u0105zanych z ofertami pracy i mo\u017cliwo\u015bciami rozwoju kariery w Eutech prosimy o przesy\u0142anie CV&#8230;.<\/p>","protected":false},"author":1,"featured_media":0,"parent":24922,"menu_order":0,"comment_status":"closed","ping_status":"closed","template":"","meta":{"_mi_skip_tracking":false,"_monsterinsights_sitenote_active":false,"_monsterinsights_sitenote_note":"","_monsterinsights_sitenote_category":0},"yoast_head":"<!-- This site is optimized with the Yoast SEO plugin v20.7 - https:\/\/yoast.com\/wordpress\/plugins\/seo\/ -->\n<title>Zasoby Ludzkie - Eutech Polska<\/title>\n<meta name=\"robots\" content=\"index, follow, max-snippet:-1, max-image-preview:large, max-video-preview:-1\" \/>\n<link rel=\"canonical\" href=\"https:\/\/eutechpolska.pl\/en\/kurumsal\/zasoby-ludzkie\/\" \/>\n<meta property=\"og:locale\" content=\"en_GB\" \/>\n<meta property=\"og:type\" content=\"article\" \/>\n<meta property=\"og:title\" content=\"Zasoby Ludzkie - Eutech Polska\" \/>\n<meta property=\"og:description\" content=\"CHCIA\u0141BY\u015a Z NAMI PRACOWA\u0106? W sprawach zwi\u0105zanych z ofertami pracy i mo\u017cliwo\u015bciami rozwoju kariery w Eutech prosimy o przesy\u0142anie CV....\" \/>\n<meta property=\"og:url\" content=\"https:\/\/eutechpolska.pl\/en\/kurumsal\/zasoby-ludzkie\/\" \/>\n<meta property=\"og:site_name\" content=\"Eutech Polska\" \/>\n<meta property=\"article:modified_time\" content=\"2023-05-29T16:16:55+00:00\" \/>\n<meta name=\"twitter:card\" content=\"summary_large_image\" \/>\n<meta name=\"twitter:label1\" content=\"Estimated reading time\" \/>\n\t<meta name=\"twitter:data1\" content=\"1 minute\" \/>\n<script type=\"application\/ld+json\" class=\"yoast-schema-graph\">{\"@context\":\"https:\/\/schema.org\",\"@graph\":[{\"@type\":\"WebPage\",\"@id\":\"https:\/\/eutechpolska.pl\/kurumsal\/zasoby-ludzkie\/\",\"url\":\"https:\/\/eutechpolska.pl\/kurumsal\/zasoby-ludzkie\/\",\"name\":\"Zasoby Ludzkie - Eutech Polska\",\"isPartOf\":{\"@id\":\"https:\/\/eutechpolska.pl\/#website\"},\"datePublished\":\"2023-04-12T11:57:18+00:00\",\"dateModified\":\"2023-05-29T16:16:55+00:00\",\"breadcrumb\":{\"@id\":\"https:\/\/eutechpolska.pl\/kurumsal\/zasoby-ludzkie\/#breadcrumb\"},\"inLanguage\":\"en-GB\",\"potentialAction\":[{\"@type\":\"ReadAction\",\"target\":[\"https:\/\/eutechpolska.pl\/kurumsal\/zasoby-ludzkie\/\"]}]},{\"@type\":\"BreadcrumbList\",\"@id\":\"https:\/\/eutechpolska.pl\/kurumsal\/zasoby-ludzkie\/#breadcrumb\",\"itemListElement\":[{\"@type\":\"ListItem\",\"position\":1,\"name\":\"Home\",\"item\":\"https:\/\/eutechpolska.pl\/\"},{\"@type\":\"ListItem\",\"position\":2,\"name\":\"ZBIOROWY\",\"item\":\"https:\/\/eutechpolska.pl\/kurumsal\/\"},{\"@type\":\"ListItem\",\"position\":3,\"name\":\"Zasoby Ludzkie\"}]},{\"@type\":\"WebSite\",\"@id\":\"https:\/\/eutechpolska.pl\/#website\",\"url\":\"https:\/\/eutechpolska.pl\/\",\"name\":\"Eutech Polska\",\"description\":\"Intelligent Future\",\"publisher\":{\"@id\":\"https:\/\/eutechpolska.pl\/#organization\"},\"potentialAction\":[{\"@type\":\"SearchAction\",\"target\":{\"@type\":\"EntryPoint\",\"urlTemplate\":\"https:\/\/eutechpolska.pl\/?s={search_term_string}\"},\"query-input\":\"required name=search_term_string\"}],\"inLanguage\":\"en-GB\"},{\"@type\":\"Organization\",\"@id\":\"https:\/\/eutechpolska.pl\/#organization\",\"name\":\"Eutech Polska\",\"url\":\"https:\/\/eutechpolska.pl\/\",\"logo\":{\"@type\":\"ImageObject\",\"inLanguage\":\"en-GB\",\"@id\":\"https:\/\/eutechpolska.pl\/#\/schema\/logo\/image\/\",\"url\":\"https:\/\/eutechpolska.pl\/wp-content\/uploads\/2023\/04\/eutech-logo.png\",\"contentUrl\":\"https:\/\/eutechpolska.pl\/wp-content\/uploads\/2023\/04\/eutech-logo.png\",\"width\":328,\"height\":125,\"caption\":\"Eutech Polska\"},\"image\":{\"@id\":\"https:\/\/eutechpolska.pl\/#\/schema\/logo\/image\/\"},\"sameAs\":[\"https:\/\/www.instagram.com\/eutech.com.tr\/\",\"https:\/\/www.linkedin.com\/company\/eutech-intelligent-future\/\"]}]}<\/script>\n<!-- \/ Yoast SEO plugin. -->","yoast_head_json":{"title":"Zasoby Ludzkie - Eutech Polska","robots":{"index":"index","follow":"follow","max-snippet":"max-snippet:-1","max-image-preview":"max-image-preview:large","max-video-preview":"max-video-preview:-1"},"canonical":"https:\/\/eutechpolska.pl\/en\/kurumsal\/zasoby-ludzkie\/","og_locale":"en_GB","og_type":"article","og_title":"Zasoby Ludzkie - Eutech Polska","og_description":"CHCIA\u0141BY\u015a Z NAMI PRACOWA\u0106? W sprawach zwi\u0105zanych z ofertami pracy i mo\u017cliwo\u015bciami rozwoju kariery w Eutech prosimy o przesy\u0142anie CV....","og_url":"https:\/\/eutechpolska.pl\/en\/kurumsal\/zasoby-ludzkie\/","og_site_name":"Eutech Polska","article_modified_time":"2023-05-29T16:16:55+00:00","twitter_card":"summary_large_image","twitter_misc":{"Estimated reading time":"1 minute"},"schema":{"@context":"https:\/\/schema.org","@graph":[{"@type":"WebPage","@id":"https:\/\/eutechpolska.pl\/kurumsal\/zasoby-ludzkie\/","url":"https:\/\/eutechpolska.pl\/kurumsal\/zasoby-ludzkie\/","name":"Zasoby Ludzkie - Eutech Polska","isPartOf":{"@id":"https:\/\/eutechpolska.pl\/#website"},"datePublished":"2023-04-12T11:57:18+00:00","dateModified":"2023-05-29T16:16:55+00:00","breadcrumb":{"@id":"https:\/\/eutechpolska.pl\/kurumsal\/zasoby-ludzkie\/#breadcrumb"},"inLanguage":"en-GB","potentialAction":[{"@type":"ReadAction","target":["https:\/\/eutechpolska.pl\/kurumsal\/zasoby-ludzkie\/"]}]},{"@type":"BreadcrumbList","@id":"https:\/\/eutechpolska.pl\/kurumsal\/zasoby-ludzkie\/#breadcrumb","itemListElement":[{"@type":"ListItem","position":1,"name":"Home","item":"https:\/\/eutechpolska.pl\/"},{"@type":"ListItem","position":2,"name":"ZBIOROWY","item":"https:\/\/eutechpolska.pl\/kurumsal\/"},{"@type":"ListItem","position":3,"name":"Zasoby Ludzkie"}]},{"@type":"WebSite","@id":"https:\/\/eutechpolska.pl\/#website","url":"https:\/\/eutechpolska.pl\/","name":"Eutech Polska","description":"Intelligent Future","publisher":{"@id":"https:\/\/eutechpolska.pl\/#organization"},"potentialAction":[{"@type":"SearchAction","target":{"@type":"EntryPoint","urlTemplate":"https:\/\/eutechpolska.pl\/?s={search_term_string}"},"query-input":"required name=search_term_string"}],"inLanguage":"en-GB"},{"@type":"Organization","@id":"https:\/\/eutechpolska.pl\/#organization","name":"Eutech Polska","url":"https:\/\/eutechpolska.pl\/","logo":{"@type":"ImageObject","inLanguage":"en-GB","@id":"https:\/\/eutechpolska.pl\/#\/schema\/logo\/image\/","url":"https:\/\/eutechpolska.pl\/wp-content\/uploads\/2023\/04\/eutech-logo.png","contentUrl":"https:\/\/eutechpolska.pl\/wp-content\/uploads\/2023\/04\/eutech-logo.png","width":328,"height":125,"caption":"Eutech Polska"},"image":{"@id":"https:\/\/eutechpolska.pl\/#\/schema\/logo\/image\/"},"sameAs":["https:\/\/www.instagram.com\/eutech.com.tr\/","https:\/\/www.linkedin.com\/company\/eutech-intelligent-future\/"]}]}},"_links":{"self":[{"href":"https:\/\/eutechpolska.pl\/en\/wp-json\/wp\/v2\/pages\/25541"}],"collection":[{"href":"https:\/\/eutechpolska.pl\/en\/wp-json\/wp\/v2\/pages"}],"about":[{"href":"https:\/\/eutechpolska.pl\/en\/wp-json\/wp\/v2\/types\/page"}],"author":[{"embeddable":true,"href":"https:\/\/eutechpolska.pl\/en\/wp-json\/wp\/v2\/users\/1"}],"replies":[{"embeddable":true,"href":"https:\/\/eutechpolska.pl\/en\/wp-json\/wp\/v2\/comments?post=25541"}],"version-history":[{"count":0,"href":"https:\/\/eutechpolska.pl\/en\/wp-json\/wp\/v2\/pages\/25541\/revisions"}],"up":[{"embeddable":true,"href":"https:\/\/eutechpolska.pl\/en\/wp-json\/wp\/v2\/pages\/24922"}],"wp:attachment":[{"href":"https:\/\/eutechpolska.pl\/en\/wp-json\/wp\/v2\/media?parent=25541"}],"curies":[{"name":"wp","href":"https:\/\/api.w.org\/{rel}","templated":true}]}}